{"id":1465,"date":"2022-08-17T08:53:51","date_gmt":"2022-08-17T08:53:51","guid":{"rendered":"https:\/\/www.miyaspace.com\/?post_type=product&#038;p=1465"},"modified":"2023-10-18T10:31:38","modified_gmt":"2023-10-18T10:31:38","slug":"sesja-online-dla-pary-zwiazku-80-minut","status":"publish","type":"product","link":"https:\/\/www.miyaspace.com\/index.php\/produkt\/sesja-online-dla-pary-zwiazku-80-minut\/","title":{"rendered":"Konsultacja\/sesja online dla pary\/zwi\u0105zku (80 minut)"},"content":{"rendered":"<p><b>Czy jest w Waszej relacji i\/lub w Waszym \u017cyciu seksualnym co\u015b, o czym chcecie porozmawia\u0107 w bezpiecznej przestrzeni?<\/b><\/p>\n<p><b>Co\u015b, czemu chcecie\u00a0si\u0119 bli\u017cej przyjrze\u0107?<\/b><\/p>\n<p><strong>Co\u015b, co chcecie zmieni\u0107?<\/strong><\/p>\n<p>&nbsp;<\/p>\n<p><strong>Zapraszam Was na sesje dla par\/zwi\u0105zk\u00f3w.<\/strong><\/p>\n<ul>\n<li>Konsultacje i sesje s\u0105 poufne i polegaj\u0105 na rozmowie.<\/li>\n<li>Nastawiamy si\u0119 na tworzenie przestrzeni do wyra\u017cania my\u015bli, emocji i pragnie\u0144. W bezpieczny spos\u00f3b i bez oceny.<\/li>\n<li>Nastawiamy si\u0119 te\u017c na poszukiwanie praktycznych rozwi\u0105za\u0144, kt\u00f3re maj\u0105 przybli\u017cy\u0107 do zrealizowania celu.<\/li>\n<li>Zwykle pierwsz\u0105 sesj\u0119 dedykujemy doprecyzowaniu tematu\/temat\u00f3w i cel\u00f3w, z kt\u00f3rymi przychodzicie.<\/li>\n<li>Sesja mo\u017ce zawiera\u0107 elementy wyk\u0142adu, instrukta\u017cu, zapoznania si\u0119 z materia\u0142ami.<\/li>\n<li>Zastanawiamy si\u0119 wsp\u00f3lnie jak mo\u017cecie pracowa\u0107 nad tematem pomi\u0119dzy sesjami. Cz\u0119sto b\u0119d\u0119 sugerowa\u0107 zadania domowe (\u0107wiczenia praktyczne, lektury, obejrzenie filmu), ale zawsze do Was b\u0119dzie nale\u017ca\u0142a decyzja, czy b\u0119dziesz je realizowa\u0107.<\/li>\n<\/ul>\n","protected":false},"excerpt":{"rendered":"<p><b>Sesje dla os\u00f3b, kt\u00f3re do\u015bwiadczaj\u0105\u00a0trudno\u015bci w relacji i chc\u0105 w bezpiecznej atmosferze si\u0119 im przyjrze\u0107 i poszukiwa\u0107 rozwi\u0105za\u0144.\u00a0<\/b><\/p>\n","protected":false},"featured_media":1467,"template":"","meta":{"_monsterinsights_skip_tracking":false,"_monsterinsights_sitenote_active":false,"_monsterinsights_sitenote_note":"","_monsterinsights_sitenote_category":0},"product_brand":[],"product_cat":[21],"product_tag":[],"class_list":{"0":"post-1465","1":"product","2":"type-product","3":"status-publish","4":"has-post-thumbnail","6":"product_cat-sesje","8":"first","9":"instock","10":"virtual","11":"purchasable","12":"product-type-simple"},"yoast_head":"<!-- This site is optimized with the Yoast SEO plugin v25.3 - https:\/\/yoast.com\/wordpress\/plugins\/seo\/ -->\n<title>Konsultacja\/sesja online dla pary\/zwi\u0105zku (80 minut) - Miyaspace<\/title>\n<meta name=\"description\" content=\"Sesje dla os\u00f3b, kt\u00f3re do\u015bwiadczaj\u0105 trudno\u015bci w relacji i chc\u0105 w bezpiecznej przestrzeni si\u0119 im przyjrze\u0107 i poszukiwa\u0107 rozwi\u0105za\u0144.\" \/>\n<meta name=\"robots\" content=\"index, follow, max-snippet:-1, max-image-preview:large, max-video-preview:-1\" \/>\n<link rel=\"canonical\" href=\"https:\/\/www.miyaspace.com\/index.php\/produkt\/sesja-online-dla-pary-zwiazku-80-minut\/\" \/>\n<meta property=\"og:locale\" content=\"pl_PL\" \/>\n<meta property=\"og:type\" content=\"article\" \/>\n<meta property=\"og:title\" content=\"Konsultacja\/sesja online dla pary\/zwi\u0105zku (80 minut) - Miyaspace\" \/>\n<meta property=\"og:description\" content=\"Sesje dla os\u00f3b, kt\u00f3re do\u015bwiadczaj\u0105 trudno\u015bci w relacji i chc\u0105 w bezpiecznej przestrzeni si\u0119 im przyjrze\u0107 i poszukiwa\u0107 rozwi\u0105za\u0144.\" \/>\n<meta property=\"og:url\" content=\"https:\/\/www.miyaspace.com\/index.php\/produkt\/sesja-online-dla-pary-zwiazku-80-minut\/\" \/>\n<meta property=\"og:site_name\" content=\"Miyaspace\" \/>\n<meta property=\"article:modified_time\" content=\"2023-10-18T10:31:38+00:00\" \/>\n<meta property=\"og:image\" content=\"https:\/\/www.miyaspace.com\/wp-content\/uploads\/2022\/08\/Untitled-design-25.png\" \/>\n\t<meta property=\"og:image:width\" content=\"1080\" \/>\n\t<meta property=\"og:image:height\" content=\"1080\" \/>\n\t<meta property=\"og:image:type\" content=\"image\/png\" \/>\n<meta name=\"twitter:card\" content=\"summary_large_image\" \/>\n<meta name=\"twitter:label1\" content=\"Szacowany czas czytania\" \/>\n\t<meta name=\"twitter:data1\" content=\"1 minuta\" \/>\n<script type=\"application\/ld+json\" class=\"yoast-schema-graph\">{\"@context\":\"https:\/\/schema.org\",\"@graph\":[{\"@type\":\"WebPage\",\"@id\":\"https:\/\/www.miyaspace.com\/index.php\/produkt\/sesja-online-dla-pary-zwiazku-80-minut\/\",\"url\":\"https:\/\/www.miyaspace.com\/index.php\/produkt\/sesja-online-dla-pary-zwiazku-80-minut\/\",\"name\":\"Konsultacja\/sesja online dla pary\/zwi\u0105zku (80 minut) - Miyaspace\",\"isPartOf\":{\"@id\":\"https:\/\/www.miyaspace.com\/#website\"},\"primaryImageOfPage\":{\"@id\":\"https:\/\/www.miyaspace.com\/index.php\/produkt\/sesja-online-dla-pary-zwiazku-80-minut\/#primaryimage\"},\"image\":{\"@id\":\"https:\/\/www.miyaspace.com\/index.php\/produkt\/sesja-online-dla-pary-zwiazku-80-minut\/#primaryimage\"},\"thumbnailUrl\":\"https:\/\/www.miyaspace.com\/wp-content\/uploads\/2022\/08\/Untitled-design-25.png\",\"datePublished\":\"2022-08-17T08:53:51+00:00\",\"dateModified\":\"2023-10-18T10:31:38+00:00\",\"description\":\"Sesje dla os\u00f3b, kt\u00f3re do\u015bwiadczaj\u0105 trudno\u015bci w relacji i chc\u0105 w bezpiecznej przestrzeni si\u0119 im przyjrze\u0107 i poszukiwa\u0107 rozwi\u0105za\u0144.\",\"breadcrumb\":{\"@id\":\"https:\/\/www.miyaspace.com\/index.php\/produkt\/sesja-online-dla-pary-zwiazku-80-minut\/#breadcrumb\"},\"inLanguage\":\"pl-PL\",\"potentialAction\":[{\"@type\":\"ReadAction\",\"target\":[\"https:\/\/www.miyaspace.com\/index.php\/produkt\/sesja-online-dla-pary-zwiazku-80-minut\/\"]}]},{\"@type\":\"ImageObject\",\"inLanguage\":\"pl-PL\",\"@id\":\"https:\/\/www.miyaspace.com\/index.php\/produkt\/sesja-online-dla-pary-zwiazku-80-minut\/#primaryimage\",\"url\":\"https:\/\/www.miyaspace.com\/wp-content\/uploads\/2022\/08\/Untitled-design-25.png\",\"contentUrl\":\"https:\/\/www.miyaspace.com\/wp-content\/uploads\/2022\/08\/Untitled-design-25.png\",\"width\":1080,\"height\":1080},{\"@type\":\"BreadcrumbList\",\"@id\":\"https:\/\/www.miyaspace.com\/index.php\/produkt\/sesja-online-dla-pary-zwiazku-80-minut\/#breadcrumb\",\"itemListElement\":[{\"@type\":\"ListItem\",\"position\":1,\"name\":\"Strona G\u0142\u00f3wna\",\"item\":\"https:\/\/www.miyaspace.com\/\"},{\"@type\":\"ListItem\",\"position\":2,\"name\":\"Sklep\",\"item\":\"https:\/\/www.miyaspace.com\/index.php\/sklep\/\"},{\"@type\":\"ListItem\",\"position\":3,\"name\":\"Konsultacja\/sesja online dla pary\/zwi\u0105zku (80 minut)\"}]},{\"@type\":\"WebSite\",\"@id\":\"https:\/\/www.miyaspace.com\/#website\",\"url\":\"https:\/\/www.miyaspace.com\/\",\"name\":\"Miyaspace\",\"description\":\"Twoja przestrze\u0144 wsparcia online \",\"potentialAction\":[{\"@type\":\"SearchAction\",\"target\":{\"@type\":\"EntryPoint\",\"urlTemplate\":\"https:\/\/www.miyaspace.com\/?s={search_term_string}\"},\"query-input\":{\"@type\":\"PropertyValueSpecification\",\"valueRequired\":true,\"valueName\":\"search_term_string\"}}],\"inLanguage\":\"pl-PL\"}]}<\/script>\n<!-- \/ Yoast SEO plugin. -->","yoast_head_json":{"title":"Konsultacja\/sesja online dla pary\/zwi\u0105zku (80 minut) - Miyaspace","description":"Sesje dla os\u00f3b, kt\u00f3re do\u015bwiadczaj\u0105 trudno\u015bci w relacji i chc\u0105 w bezpiecznej przestrzeni si\u0119 im przyjrze\u0107 i poszukiwa\u0107 rozwi\u0105za\u0144.","robots":{"index":"index","follow":"follow","max-snippet":"max-snippet:-1","max-image-preview":"max-image-preview:large","max-video-preview":"max-video-preview:-1"},"canonical":"https:\/\/www.miyaspace.com\/index.php\/produkt\/sesja-online-dla-pary-zwiazku-80-minut\/","og_locale":"pl_PL","og_type":"article","og_title":"Konsultacja\/sesja online dla pary\/zwi\u0105zku (80 minut) - Miyaspace","og_description":"Sesje dla os\u00f3b, kt\u00f3re do\u015bwiadczaj\u0105 trudno\u015bci w relacji i chc\u0105 w bezpiecznej przestrzeni si\u0119 im przyjrze\u0107 i poszukiwa\u0107 rozwi\u0105za\u0144.","og_url":"https:\/\/www.miyaspace.com\/index.php\/produkt\/sesja-online-dla-pary-zwiazku-80-minut\/","og_site_name":"Miyaspace","article_modified_time":"2023-10-18T10:31:38+00:00","og_image":[{"width":1080,"height":1080,"url":"https:\/\/www.miyaspace.com\/wp-content\/uploads\/2022\/08\/Untitled-design-25.png","type":"image\/png"}],"twitter_card":"summary_large_image","twitter_misc":{"Szacowany czas czytania":"1 minuta"},"schema":{"@context":"https:\/\/schema.org","@graph":[{"@type":"WebPage","@id":"https:\/\/www.miyaspace.com\/index.php\/produkt\/sesja-online-dla-pary-zwiazku-80-minut\/","url":"https:\/\/www.miyaspace.com\/index.php\/produkt\/sesja-online-dla-pary-zwiazku-80-minut\/","name":"Konsultacja\/sesja online dla pary\/zwi\u0105zku (80 minut) - Miyaspace","isPartOf":{"@id":"https:\/\/www.miyaspace.com\/#website"},"primaryImageOfPage":{"@id":"https:\/\/www.miyaspace.com\/index.php\/produkt\/sesja-online-dla-pary-zwiazku-80-minut\/#primaryimage"},"image":{"@id":"https:\/\/www.miyaspace.com\/index.php\/produkt\/sesja-online-dla-pary-zwiazku-80-minut\/#primaryimage"},"thumbnailUrl":"https:\/\/www.miyaspace.com\/wp-content\/uploads\/2022\/08\/Untitled-design-25.png","datePublished":"2022-08-17T08:53:51+00:00","dateModified":"2023-10-18T10:31:38+00:00","description":"Sesje dla os\u00f3b, kt\u00f3re do\u015bwiadczaj\u0105 trudno\u015bci w relacji i chc\u0105 w bezpiecznej przestrzeni si\u0119 im przyjrze\u0107 i poszukiwa\u0107 rozwi\u0105za\u0144.","breadcrumb":{"@id":"https:\/\/www.miyaspace.com\/index.php\/produkt\/sesja-online-dla-pary-zwiazku-80-minut\/#breadcrumb"},"inLanguage":"pl-PL","potentialAction":[{"@type":"ReadAction","target":["https:\/\/www.miyaspace.com\/index.php\/produkt\/sesja-online-dla-pary-zwiazku-80-minut\/"]}]},{"@type":"ImageObject","inLanguage":"pl-PL","@id":"https:\/\/www.miyaspace.com\/index.php\/produkt\/sesja-online-dla-pary-zwiazku-80-minut\/#primaryimage","url":"https:\/\/www.miyaspace.com\/wp-content\/uploads\/2022\/08\/Untitled-design-25.png","contentUrl":"https:\/\/www.miyaspace.com\/wp-content\/uploads\/2022\/08\/Untitled-design-25.png","width":1080,"height":1080},{"@type":"BreadcrumbList","@id":"https:\/\/www.miyaspace.com\/index.php\/produkt\/sesja-online-dla-pary-zwiazku-80-minut\/#breadcrumb","itemListElement":[{"@type":"ListItem","position":1,"name":"Strona G\u0142\u00f3wna","item":"https:\/\/www.miyaspace.com\/"},{"@type":"ListItem","position":2,"name":"Sklep","item":"https:\/\/www.miyaspace.com\/index.php\/sklep\/"},{"@type":"ListItem","position":3,"name":"Konsultacja\/sesja online dla pary\/zwi\u0105zku (80 minut)"}]},{"@type":"WebSite","@id":"https:\/\/www.miyaspace.com\/#website","url":"https:\/\/www.miyaspace.com\/","name":"Miyaspace","description":"Twoja przestrze\u0144 wsparcia online ","potentialAction":[{"@type":"SearchAction","target":{"@type":"EntryPoint","urlTemplate":"https:\/\/www.miyaspace.com\/?s={search_term_string}"},"query-input":{"@type":"PropertyValueSpecification","valueRequired":true,"valueName":"search_term_string"}}],"inLanguage":"pl-PL"}]}},"_links":{"self":[{"href":"https:\/\/www.miyaspace.com\/index.php\/wp-json\/wp\/v2\/product\/1465","targetHints":{"allow":["GET"]}}],"collection":[{"href":"https:\/\/www.miyaspace.com\/index.php\/wp-json\/wp\/v2\/product"}],"about":[{"href":"https:\/\/www.miyaspace.com\/index.php\/wp-json\/wp\/v2\/types\/product"}],"wp:featuredmedia":[{"embeddable":true,"href":"https:\/\/www.miyaspace.com\/index.php\/wp-json\/wp\/v2\/media\/1467"}],"wp:attachment":[{"href":"https:\/\/www.miyaspace.com\/index.php\/wp-json\/wp\/v2\/media?parent=1465"}],"wp:term":[{"taxonomy":"product_brand","embeddable":true,"href":"https:\/\/www.miyaspace.com\/index.php\/wp-json\/wp\/v2\/product_brand?post=1465"},{"taxonomy":"product_cat","embeddable":true,"href":"https:\/\/www.miyaspace.com\/index.php\/wp-json\/wp\/v2\/product_cat?post=1465"},{"taxonomy":"product_tag","embeddable":true,"href":"https:\/\/www.miyaspace.com\/index.php\/wp-json\/wp\/v2\/product_tag?post=1465"}],"curies":[{"name":"wp","href":"https:\/\/api.w.org\/{rel}","templated":true}]}}