{"id":58,"date":"2021-08-11T14:06:23","date_gmt":"2021-08-11T14:06:23","guid":{"rendered":"https:\/\/www.miyaspace.com\/?page_id=58"},"modified":"2023-10-10T13:41:24","modified_gmt":"2023-10-10T13:41:24","slug":"o-mnie","status":"publish","type":"page","link":"https:\/\/www.miyaspace.com\/index.php\/o-mnie\/","title":{"rendered":"O mnie"},"content":{"rendered":"\t\t<div data-elementor-type=\"wp-page\" data-elementor-id=\"58\" class=\"elementor elementor-58\">\n\t\t\t\t\t\t<section class=\"elementor-section elementor-top-section elementor-element elementor-element-7bce17f1 elementor-section-boxed elementor-section-height-default elementor-section-height-default\" data-id=\"7bce17f1\" data-element_type=\"section\">\n\t\t\t\t\t\t<div class=\"elementor-container elementor-column-gap-default\">\n\t\t\t\t\t<div class=\"elementor-column elementor-col-100 elementor-top-column elementor-element elementor-element-0630ed1\" data-id=\"0630ed1\" data-element_type=\"column\">\n\t\t\t<div class=\"elementor-widget-wrap elementor-element-populated\">\n\t\t\t\t\t\t<div class=\"elementor-element elementor-element-e4a066b elementor-widget elementor-widget-heading\" data-id=\"e4a066b\" data-element_type=\"widget\" data-widget_type=\"heading.default\">\n\t\t\t\t<div class=\"elementor-widget-container\">\n\t\t\t\t\t<h4 class=\"elementor-heading-title elementor-size-default\">Cze\u015b\u0107, nazywam si\u0119 Ania D\u0105bek, jestem psycholo\u017ck\u0105, seksuolo\u017ck\u0105 i za\u0142o\u017cycielk\u0105 Miyaspace. <\/h4>\t\t\t\t<\/div>\n\t\t\t\t<\/div>\n\t\t\t\t\t<\/div>\n\t\t<\/div>\n\t\t\t\t\t<\/div>\n\t\t<\/section>\n\t\t\t\t<section class=\"elementor-section elementor-top-section elementor-element elementor-element-40a487d elementor-section-boxed elementor-section-height-default elementor-section-height-default\" data-id=\"40a487d\" data-element_type=\"section\">\n\t\t\t\t\t\t<div class=\"elementor-container elementor-column-gap-default\">\n\t\t\t\t\t<div class=\"elementor-column elementor-col-100 elementor-top-column elementor-element elementor-element-26c52cb\" data-id=\"26c52cb\" data-element_type=\"column\">\n\t\t\t<div class=\"elementor-widget-wrap elementor-element-populated\">\n\t\t\t\t\t\t<div class=\"elementor-element elementor-element-f08a1b2 elementor-widget elementor-widget-heading\" data-id=\"f08a1b2\" data-element_type=\"widget\" data-widget_type=\"heading.default\">\n\t\t\t\t<div class=\"elementor-widget-container\">\n\t\t\t\t\t<h4 class=\"elementor-heading-title elementor-size-default\">Od ponad 15 lat w r\u00f3\u017cnych kontekstach wspieram ludzi w zmianie i rozwoju. \n\n<\/h4>\t\t\t\t<\/div>\n\t\t\t\t<\/div>\n\t\t\t\t<div class=\"elementor-element elementor-element-b1e6121 elementor-widget elementor-widget-heading\" data-id=\"b1e6121\" data-element_type=\"widget\" data-widget_type=\"heading.default\">\n\t\t\t\t<div class=\"elementor-widget-container\">\n\t\t\t\t\t<h4 class=\"elementor-heading-title elementor-size-default\">Jako psycholog tworz\u0119 przestrze\u0144, towarzysz\u0119 i wspieram Ci\u0119 w byciu bli\u017cej siebie, budowaniu dobrych relacji i podnoszeniu jako\u015bci \u017cycia. Jako seksuolog pomagam Ci odkrywa\u0107 i \u015bwiadomie budowa\u0107 swoj\u0105 seksualno\u015b\u0107. <\/h4>\t\t\t\t<\/div>\n\t\t\t\t<\/div>\n\t\t\t\t<div class=\"elementor-element elementor-element-83935e4 elementor-widget elementor-widget-heading\" data-id=\"83935e4\" data-element_type=\"widget\" data-widget_type=\"heading.default\">\n\t\t\t\t<div class=\"elementor-widget-container\">\n\t\t\t\t\t<h4 class=\"elementor-heading-title elementor-size-default\">Na konsultacjach i sesjach psychologicznych pracuj\u0119 z osobami, kt\u00f3re do\u015bwiadczaj\u0105 w swoim \u017cyciu kryzys\u00f3w i trudnych sytuacji, zmagaj\u0105 si\u0119 z nisk\u0105 samoocen\u0105, l\u0119kiem czy obni\u017conym nastrojem, maj\u0105 problem z nawi\u0105zywaniem, utrzymywaniem, lub zako\u0144czeniem relacji, potrzebuj\u0105 towarzyszenia w trakcie du\u017cych \u017cyciowych zmian.  \n\n<\/h4>\t\t\t\t<\/div>\n\t\t\t\t<\/div>\n\t\t\t\t<div class=\"elementor-element elementor-element-4de971f elementor-widget elementor-widget-heading\" data-id=\"4de971f\" data-element_type=\"widget\" data-widget_type=\"heading.default\">\n\t\t\t\t<div class=\"elementor-widget-container\">\n\t\t\t\t\t<h4 class=\"elementor-heading-title elementor-size-default\">Na konsultacjach i sesjach seksuologicznych wspieram osoby, kt\u00f3re nie czuj\u0105 satysfakcji ze swojego \u017cycia intymnego lub chc\u0105 j\u0105 zwi\u0119kszy\u0107.  \n<\/h4>\t\t\t\t<\/div>\n\t\t\t\t<\/div>\n\t\t\t\t<div class=\"elementor-element elementor-element-53f0618 elementor-widget elementor-widget-heading\" data-id=\"53f0618\" data-element_type=\"widget\" data-widget_type=\"heading.default\">\n\t\t\t\t<div class=\"elementor-widget-container\">\n\t\t\t\t\t<h4 class=\"elementor-heading-title elementor-size-default\">Na sesjach dla par towarzysz\u0119 i pomagam parom do\u015bwiadczaj\u0105cym kryzys\u00f3w i trudno\u015bci w relacji.<\/h4>\t\t\t\t<\/div>\n\t\t\t\t<\/div>\n\t\t\t\t<div class=\"elementor-element elementor-element-5001d1f elementor-widget elementor-widget-heading\" data-id=\"5001d1f\" data-element_type=\"widget\" data-widget_type=\"heading.default\">\n\t\t\t\t<div class=\"elementor-widget-container\">\n\t\t\t\t\t<h4 class=\"elementor-heading-title elementor-size-default\">W swojej pracy wspieram r\u00f3wnie\u017c osoby nale\u017c\u0105ce do spo\u0142eczno\u015bci LGBTQA+ lub identyfikuj\u0105ce si\u0119 jako niemonogamiczne. Ka\u017cdy jest tutaj mile widziany.<\/h4>\t\t\t\t<\/div>\n\t\t\t\t<\/div>\n\t\t\t\t<div class=\"elementor-element elementor-element-6df6a9a elementor-widget elementor-widget-heading\" data-id=\"6df6a9a\" data-element_type=\"widget\" data-widget_type=\"heading.default\">\n\t\t\t\t<div class=\"elementor-widget-container\">\n\t\t\t\t\t<h4 class=\"elementor-heading-title elementor-size-default\">Pracuj\u0119 wy\u0142\u0105cznie online z osobami powy\u017cej 18 roku \u017cycia. <\/h4>\t\t\t\t<\/div>\n\t\t\t\t<\/div>\n\t\t\t\t<div class=\"elementor-element elementor-element-8a57314 elementor-widget__width-initial elementor-widget elementor-widget-heading\" data-id=\"8a57314\" data-element_type=\"widget\" data-widget_type=\"heading.default\">\n\t\t\t\t<div class=\"elementor-widget-container\">\n\t\t\t\t\t<h4 class=\"elementor-heading-title elementor-size-default\">Do\u015bwiadczasz trudno\u015bci natury psychologicznej lub seksuologicznej? Potrzebujesz wsparcia, ale nie wiesz do kogo si\u0119 zwr\u00f3ci\u0107 o pomoc? W Twojej okolicy nie ma specjalisty? A mo\u017ce mieszkasz za granic\u0105?  Zapraszam Ci\u0119 na darmow\u0105 konsultacj\u0119 wst\u0119pn\u0105 online. \n\n<\/h4>\t\t\t\t<\/div>\n\t\t\t\t<\/div>\n\t\t\t\t\t<\/div>\n\t\t<\/div>\n\t\t\t\t\t<\/div>\n\t\t<\/section>\n\t\t\t\t<section class=\"elementor-section elementor-top-section elementor-element elementor-element-2d71ad7 elementor-section-boxed elementor-section-height-default elementor-section-height-default\" data-id=\"2d71ad7\" data-element_type=\"section\">\n\t\t\t\t\t\t<div class=\"elementor-container elementor-column-gap-default\">\n\t\t\t\t\t<div class=\"elementor-column elementor-col-100 elementor-top-column elementor-element elementor-element-abdb960\" data-id=\"abdb960\" data-element_type=\"column\">\n\t\t\t<div class=\"elementor-widget-wrap\">\n\t\t\t\t\t\t\t<\/div>\n\t\t<\/div>\n\t\t\t\t\t<\/div>\n\t\t<\/section>\n\t\t\t\t<section class=\"elementor-section elementor-top-section elementor-element elementor-element-2cc644e elementor-section-boxed elementor-section-height-default elementor-section-height-default\" data-id=\"2cc644e\" data-element_type=\"section\">\n\t\t\t\t\t\t<div class=\"elementor-container elementor-column-gap-default\">\n\t\t\t\t\t<div class=\"elementor-column elementor-col-100 elementor-top-column elementor-element elementor-element-fe624fc\" data-id=\"fe624fc\" data-element_type=\"column\">\n\t\t\t<div class=\"elementor-widget-wrap elementor-element-populated\">\n\t\t\t\t\t\t<section class=\"elementor-section elementor-inner-section elementor-element elementor-element-454fb32 elementor-section-boxed elementor-section-height-default elementor-section-height-default\" data-id=\"454fb32\" data-element_type=\"section\">\n\t\t\t\t\t\t<div class=\"elementor-container elementor-column-gap-default\">\n\t\t\t\t\t<div class=\"elementor-column elementor-col-100 elementor-inner-column elementor-element elementor-element-bc3de60\" data-id=\"bc3de60\" data-element_type=\"column\">\n\t\t\t<div class=\"elementor-widget-wrap elementor-element-populated\">\n\t\t\t\t\t\t<div class=\"elementor-element elementor-element-13db9e8 elementor-widget elementor-widget-eael-creative-button\" data-id=\"13db9e8\" data-element_type=\"widget\" data-widget_type=\"eael-creative-button.default\">\n\t\t\t\t<div class=\"elementor-widget-container\">\n\t\t\t\t\t        <div class=\"eael-creative-button-wrapper\">\n\n            <a class=\"eael-creative-button eael-creative-button--default\" href=\"https:\/\/twojpsycholog.pl\/profil-psychologa\/ania-dabek-1258\" target=\"_blank\" data-text=\"Go!\">\n\n\t    \n                <div class=\"creative-button-inner\">\n\n                    \n                    <span class=\"cretive-button-text\">Um\u00f3w si\u0119 na darmow\u0105 konsultacj\u0119 wst\u0119pn\u0105 online <\/span>\n\n                                            <span class=\"eael-creative-button-icon-right\"><i aria-hidden=\"true\" class=\"far fa-arrow-alt-circle-right\"><\/i><\/span>                                    <\/div>\n\t                        <\/a>\n        <\/div>\n        \t\t\t\t<\/div>\n\t\t\t\t<\/div>\n\t\t\t\t\t<\/div>\n\t\t<\/div>\n\t\t\t\t\t<\/div>\n\t\t<\/section>\n\t\t\t\t\t<\/div>\n\t\t<\/div>\n\t\t\t\t\t<\/div>\n\t\t<\/section>\n\t\t\t\t<section class=\"elementor-section elementor-top-section elementor-element elementor-element-79a25db elementor-section-boxed elementor-section-height-default elementor-section-height-default\" data-id=\"79a25db\" data-element_type=\"section\">\n\t\t\t\t\t\t<div class=\"elementor-container elementor-column-gap-default\">\n\t\t\t\t\t<div class=\"elementor-column elementor-col-100 elementor-top-column elementor-element elementor-element-45283a8\" data-id=\"45283a8\" data-element_type=\"column\">\n\t\t\t<div class=\"elementor-widget-wrap elementor-element-populated\">\n\t\t\t\t\t\t<div class=\"elementor-element elementor-element-01a31a8 elementor-widget elementor-widget-heading\" data-id=\"01a31a8\" data-element_type=\"widget\" data-widget_type=\"heading.default\">\n\t\t\t\t<div class=\"elementor-widget-container\">\n\t\t\t\t\t<h4 class=\"elementor-heading-title elementor-size-default\">Moje kwalifikacje: \n\n<\/h4>\t\t\t\t<\/div>\n\t\t\t\t<\/div>\n\t\t\t\t\t<\/div>\n\t\t<\/div>\n\t\t\t\t\t<\/div>\n\t\t<\/section>\n\t\t\t\t<section class=\"elementor-section elementor-top-section elementor-element elementor-element-4e9afcc elementor-section-boxed elementor-section-height-default elementor-section-height-default\" data-id=\"4e9afcc\" data-element_type=\"section\">\n\t\t\t\t\t\t<div class=\"elementor-container elementor-column-gap-default\">\n\t\t\t\t\t<div class=\"elementor-column elementor-col-100 elementor-top-column elementor-element elementor-element-b92cd0f\" data-id=\"b92cd0f\" data-element_type=\"column\">\n\t\t\t<div class=\"elementor-widget-wrap elementor-element-populated\">\n\t\t\t\t\t\t<div class=\"elementor-element elementor-element-0181d9e elementor-icon-list--layout-traditional elementor-list-item-link-full_width elementor-widget elementor-widget-icon-list\" data-id=\"0181d9e\" data-element_type=\"widget\" data-widget_type=\"icon-list.default\">\n\t\t\t\t<div class=\"elementor-widget-container\">\n\t\t\t\t\t\t\t<ul class=\"elementor-icon-list-items\">\n\t\t\t\t\t\t\t<li class=\"elementor-icon-list-item\">\n\t\t\t\t\t\t\t\t\t\t\t<span class=\"elementor-icon-list-icon\">\n\t\t\t\t\t\t\t<i aria-hidden=\"true\" class=\"fas fa-book\"><\/i>\t\t\t\t\t\t<\/span>\n\t\t\t\t\t\t\t\t\t\t<span class=\"elementor-icon-list-text\">Jestem absolwentk\u0105 Psychologii na Uniwersytecie Warszawskim.<\/span>\n\t\t\t\t\t\t\t\t\t<\/li>\n\t\t\t\t\t\t\t\t<li class=\"elementor-icon-list-item\">\n\t\t\t\t\t\t\t\t\t\t\t<span class=\"elementor-icon-list-icon\">\n\t\t\t\t\t\t\t<i aria-hidden=\"true\" class=\"fas fa-book\"><\/i>\t\t\t\t\t\t<\/span>\n\t\t\t\t\t\t\t\t\t\t<span class=\"elementor-icon-list-text\">Jestem absolwentk\u0105 Seksuologii Praktycznej na SWPS.<\/span>\n\t\t\t\t\t\t\t\t\t<\/li>\n\t\t\t\t\t\t\t\t<li class=\"elementor-icon-list-item\">\n\t\t\t\t\t\t\t\t\t\t\t<span class=\"elementor-icon-list-icon\">\n\t\t\t\t\t\t\t<i aria-hidden=\"true\" class=\"fas fa-book\"><\/i>\t\t\t\t\t\t<\/span>\n\t\t\t\t\t\t\t\t\t\t<span class=\"elementor-icon-list-text\">Uko\u0144czy\u0142am szkolenie I stopnia z Terapii Skoncentrowanej na Rozwi\u0105zaniach. <\/span>\n\t\t\t\t\t\t\t\t\t<\/li>\n\t\t\t\t\t\t\t\t<li class=\"elementor-icon-list-item\">\n\t\t\t\t\t\t\t\t\t\t\t<span class=\"elementor-icon-list-icon\">\n\t\t\t\t\t\t\t<i aria-hidden=\"true\" class=\"fas fa-book\"><\/i>\t\t\t\t\t\t<\/span>\n\t\t\t\t\t\t\t\t\t\t<span class=\"elementor-icon-list-text\">Jestem w trakcie rocznego szkolenia z terapii poznawczo-behawioralnej os\u00f3b doros\u0142ych w Centrum Terapii Poznawczo-Behawioralnej. <\/span>\n\t\t\t\t\t\t\t\t\t<\/li>\n\t\t\t\t\t\t\t\t<li class=\"elementor-icon-list-item\">\n\t\t\t\t\t\t\t\t\t\t\t<span class=\"elementor-icon-list-icon\">\n\t\t\t\t\t\t\t<i aria-hidden=\"true\" class=\"fas fa-book\"><\/i>\t\t\t\t\t\t<\/span>\n\t\t\t\t\t\t\t\t\t\t<span class=\"elementor-icon-list-text\">Uko\u0144czy\u0142am program CoachWise Coaching Advanced (posiadaj\u0105cy akredytacj\u0119 ICF) przygotowuj\u0105cy do profesjonalnego prowadzenia proces\u00f3w coachingowych.<\/span>\n\t\t\t\t\t\t\t\t\t<\/li>\n\t\t\t\t\t\t\t\t<li class=\"elementor-icon-list-item\">\n\t\t\t\t\t\t\t\t\t\t\t<span class=\"elementor-icon-list-icon\">\n\t\t\t\t\t\t\t<i aria-hidden=\"true\" class=\"fas fa-book\"><\/i>\t\t\t\t\t\t<\/span>\n\t\t\t\t\t\t\t\t\t\t<span class=\"elementor-icon-list-text\">Uczestniczy\u0142am w SARze - mi\u0119dzynarodowym programie treningowym, kt\u00f3ry pozwala do\u015bwiadczy\u0107 r\u00f3\u017cnorodno\u015bci naszej seksualno\u015bci.<\/span>\n\t\t\t\t\t\t\t\t\t<\/li>\n\t\t\t\t\t\t\t\t<li class=\"elementor-icon-list-item\">\n\t\t\t\t\t\t\t\t\t\t\t<span class=\"elementor-icon-list-icon\">\n\t\t\t\t\t\t\t<i aria-hidden=\"true\" class=\"fas fa-book\"><\/i>\t\t\t\t\t\t<\/span>\n\t\t\t\t\t\t\t\t\t\t<span class=\"elementor-icon-list-text\">Jestem cz\u0142onkini\u0105  WASC \u2013 \u015bwiatowej organizacji skupiaj\u0105cej coach\u00f3w pracuj\u0105cych w obszarze seksualno\u015bci.<\/span>\n\t\t\t\t\t\t\t\t\t<\/li>\n\t\t\t\t\t\t\t\t<li class=\"elementor-icon-list-item\">\n\t\t\t\t\t\t\t\t\t\t\t<span class=\"elementor-icon-list-icon\">\n\t\t\t\t\t\t\t<i aria-hidden=\"true\" class=\"fas fa-book\"><\/i>\t\t\t\t\t\t<\/span>\n\t\t\t\t\t\t\t\t\t\t<span class=\"elementor-icon-list-text\">Odby\u0142am dodatkowe szkolenia mi\u0119dzy innymi dotycz\u0105ce Konsensualnej Niemonogamii czy Fizjoterapii Uroginekologicznej.<\/span>\n\t\t\t\t\t\t\t\t\t<\/li>\n\t\t\t\t\t\t\t\t<li class=\"elementor-icon-list-item\">\n\t\t\t\t\t\t\t\t\t\t\t<span class=\"elementor-icon-list-icon\">\n\t\t\t\t\t\t\t<i aria-hidden=\"true\" class=\"fas fa-book\"><\/i>\t\t\t\t\t\t<\/span>\n\t\t\t\t\t\t\t\t\t\t<span class=\"elementor-icon-list-text\">Przez dwa lata by\u0142am Starsz\u0105 Siostr\u0105 w Sex and Love School 12 modu\u0142owym programie edukacji seksualnej dla doros\u0142ych kobiet.<\/span>\n\t\t\t\t\t\t\t\t\t<\/li>\n\t\t\t\t\t\t\t\t<li class=\"elementor-icon-list-item\">\n\t\t\t\t\t\t\t\t\t\t\t<span class=\"elementor-icon-list-icon\">\n\t\t\t\t\t\t\t<i aria-hidden=\"true\" class=\"fas fa-book\"><\/i>\t\t\t\t\t\t<\/span>\n\t\t\t\t\t\t\t\t\t\t<span class=\"elementor-icon-list-text\">Tylko w ci\u0105gu ostatnich 12 miesi\u0119cy sp\u0119dzi\u0142am ponad 300 godzin na szkoleniu si\u0119 i zdobywaniu wiedzy w obszarze psychologii, psychoterapii i seksualno\u015bci.   <\/span>\n\t\t\t\t\t\t\t\t\t<\/li>\n\t\t\t\t\t\t\t\t<li class=\"elementor-icon-list-item\">\n\t\t\t\t\t\t\t\t\t\t\t<span class=\"elementor-icon-list-icon\">\n\t\t\t\t\t\t\t<i aria-hidden=\"true\" class=\"fas fa-book\"><\/i>\t\t\t\t\t\t<\/span>\n\t\t\t\t\t\t\t\t\t\t<span class=\"elementor-icon-list-text\">Moja praca podlega regularnej superwizji. <\/span>\n\t\t\t\t\t\t\t\t\t<\/li>\n\t\t\t\t\t\t<\/ul>\n\t\t\t\t\t\t<\/div>\n\t\t\t\t<\/div>\n\t\t\t\t<div class=\"elementor-element elementor-element-7dcb2ee elementor-widget elementor-widget-eael-creative-button\" data-id=\"7dcb2ee\" data-element_type=\"widget\" data-widget_type=\"eael-creative-button.default\">\n\t\t\t\t<div class=\"elementor-widget-container\">\n\t\t\t\t\t        <div class=\"eael-creative-button-wrapper\">\n\n            <a class=\"eael-creative-button eael-creative-button--default\" href=\"https:\/\/twojpsycholog.pl\/profil-psychologa\/ania-dabek-1258\" target=\"_blank\" data-text=\"Go!\">\n\n\t    \n                <div class=\"creative-button-inner\">\n\n                    \n                    <span class=\"cretive-button-text\">Um\u00f3w si\u0119 na darmow\u0105 konsultacj\u0119 wst\u0119pn\u0105 online <\/span>\n\n                                            <span class=\"eael-creative-button-icon-right\"><i aria-hidden=\"true\" class=\"far fa-arrow-alt-circle-right\"><\/i><\/span>                                    <\/div>\n\t                        <\/a>\n        <\/div>\n        \t\t\t\t<\/div>\n\t\t\t\t<\/div>\n\t\t\t\t\t<\/div>\n\t\t<\/div>\n\t\t\t\t\t<\/div>\n\t\t<\/section>\n\t\t\t\t<\/div>\n\t\t","protected":false},"excerpt":{"rendered":"<p>Cze\u015b\u0107, nazywam si\u0119 Ania D\u0105bek, jestem psycholo\u017ck\u0105, seksuolo\u017ck\u0105 i za\u0142o\u017cycielk\u0105 Miyaspace. Od ponad 15 lat w r\u00f3\u017cnych kontekstach wspieram ludzi w zmianie i rozwoju. Jako psycholog tworz\u0119 przestrze\u0144, towarzysz\u0119 i wspieram Ci\u0119 w byciu bli\u017cej siebie, budowaniu dobrych relacji i podnoszeniu jako\u015bci \u017cycia. Jako seksuolog pomagam Ci odkrywa\u0107 i \u015bwiadomie budowa\u0107 swoj\u0105 seksualno\u015b\u0107. Na konsultacjach &hellip; <\/p>\n","protected":false},"author":1,"featured_media":37,"parent":0,"menu_order":0,"comment_status":"closed","ping_status":"closed","template":"","meta":{"_monsterinsights_skip_tracking":false,"_monsterinsights_sitenote_active":false,"_monsterinsights_sitenote_note":"","_monsterinsights_sitenote_category":0,"footnotes":""},"class_list":["post-58","page","type-page","status-publish","has-post-thumbnail","hentry"],"yoast_head":"<!-- This site is optimized with the Yoast SEO plugin v25.3 - https:\/\/yoast.com\/wordpress\/plugins\/seo\/ -->\n<title>O mnie - Miyaspace<\/title>\n<meta name=\"description\" content=\"Ania D\u0105bek - psycholog i seksuolog. Za\u0142o\u017cycielka Miyaspace - twojej przestrzeni wsparcia online\" \/>\n<meta name=\"robots\" content=\"index, follow, max-snippet:-1, max-image-preview:large, max-video-preview:-1\" \/>\n<link rel=\"canonical\" href=\"https:\/\/www.miyaspace.com\/index.php\/o-mnie\/\" \/>\n<meta property=\"og:locale\" content=\"pl_PL\" \/>\n<meta property=\"og:type\" content=\"article\" \/>\n<meta property=\"og:title\" content=\"O mnie - Miyaspace\" \/>\n<meta property=\"og:description\" content=\"Ania D\u0105bek - psycholog i seksuolog. Za\u0142o\u017cycielka Miyaspace - twojej przestrzeni wsparcia online\" \/>\n<meta property=\"og:url\" content=\"https:\/\/www.miyaspace.com\/index.php\/o-mnie\/\" \/>\n<meta property=\"og:site_name\" content=\"Miyaspace\" \/>\n<meta property=\"article:modified_time\" content=\"2023-10-10T13:41:24+00:00\" \/>\n<meta property=\"og:image\" content=\"https:\/\/www.miyaspace.com\/wp-content\/uploads\/2021\/08\/Ania_2_male-1.jpg\" \/>\n\t<meta property=\"og:image:width\" content=\"1920\" \/>\n\t<meta property=\"og:image:height\" content=\"1280\" \/>\n\t<meta property=\"og:image:type\" content=\"image\/jpeg\" \/>\n<meta name=\"twitter:card\" content=\"summary_large_image\" \/>\n<meta name=\"twitter:label1\" content=\"Szacowany czas czytania\" \/>\n\t<meta name=\"twitter:data1\" content=\"3 minuty\" \/>\n<script type=\"application\/ld+json\" class=\"yoast-schema-graph\">{\"@context\":\"https:\/\/schema.org\",\"@graph\":[{\"@type\":\"WebPage\",\"@id\":\"https:\/\/www.miyaspace.com\/index.php\/o-mnie\/\",\"url\":\"https:\/\/www.miyaspace.com\/index.php\/o-mnie\/\",\"name\":\"O mnie - Miyaspace\",\"isPartOf\":{\"@id\":\"https:\/\/www.miyaspace.com\/#website\"},\"primaryImageOfPage\":{\"@id\":\"https:\/\/www.miyaspace.com\/index.php\/o-mnie\/#primaryimage\"},\"image\":{\"@id\":\"https:\/\/www.miyaspace.com\/index.php\/o-mnie\/#primaryimage\"},\"thumbnailUrl\":\"https:\/\/www.miyaspace.com\/wp-content\/uploads\/2021\/08\/Ania_2_male-1.jpg\",\"datePublished\":\"2021-08-11T14:06:23+00:00\",\"dateModified\":\"2023-10-10T13:41:24+00:00\",\"description\":\"Ania D\u0105bek - psycholog i seksuolog. Za\u0142o\u017cycielka Miyaspace - twojej przestrzeni wsparcia online\",\"breadcrumb\":{\"@id\":\"https:\/\/www.miyaspace.com\/index.php\/o-mnie\/#breadcrumb\"},\"inLanguage\":\"pl-PL\",\"potentialAction\":[{\"@type\":\"ReadAction\",\"target\":[\"https:\/\/www.miyaspace.com\/index.php\/o-mnie\/\"]}]},{\"@type\":\"ImageObject\",\"inLanguage\":\"pl-PL\",\"@id\":\"https:\/\/www.miyaspace.com\/index.php\/o-mnie\/#primaryimage\",\"url\":\"https:\/\/www.miyaspace.com\/wp-content\/uploads\/2021\/08\/Ania_2_male-1.jpg\",\"contentUrl\":\"https:\/\/www.miyaspace.com\/wp-content\/uploads\/2021\/08\/Ania_2_male-1.jpg\",\"width\":1920,\"height\":1280},{\"@type\":\"BreadcrumbList\",\"@id\":\"https:\/\/www.miyaspace.com\/index.php\/o-mnie\/#breadcrumb\",\"itemListElement\":[{\"@type\":\"ListItem\",\"position\":1,\"name\":\"Strona G\u0142\u00f3wna\",\"item\":\"https:\/\/www.miyaspace.com\/\"},{\"@type\":\"ListItem\",\"position\":2,\"name\":\"O mnie\"}]},{\"@type\":\"WebSite\",\"@id\":\"https:\/\/www.miyaspace.com\/#website\",\"url\":\"https:\/\/www.miyaspace.com\/\",\"name\":\"Miyaspace\",\"description\":\"Twoja przestrze\u0144 wsparcia online \",\"potentialAction\":[{\"@type\":\"SearchAction\",\"target\":{\"@type\":\"EntryPoint\",\"urlTemplate\":\"https:\/\/www.miyaspace.com\/?s={search_term_string}\"},\"query-input\":{\"@type\":\"PropertyValueSpecification\",\"valueRequired\":true,\"valueName\":\"search_term_string\"}}],\"inLanguage\":\"pl-PL\"}]}<\/script>\n<!-- \/ Yoast SEO plugin. -->","yoast_head_json":{"title":"O mnie - Miyaspace","description":"Ania D\u0105bek - psycholog i seksuolog. Za\u0142o\u017cycielka Miyaspace - twojej przestrzeni wsparcia online","robots":{"index":"index","follow":"follow","max-snippet":"max-snippet:-1","max-image-preview":"max-image-preview:large","max-video-preview":"max-video-preview:-1"},"canonical":"https:\/\/www.miyaspace.com\/index.php\/o-mnie\/","og_locale":"pl_PL","og_type":"article","og_title":"O mnie - Miyaspace","og_description":"Ania D\u0105bek - psycholog i seksuolog. Za\u0142o\u017cycielka Miyaspace - twojej przestrzeni wsparcia online","og_url":"https:\/\/www.miyaspace.com\/index.php\/o-mnie\/","og_site_name":"Miyaspace","article_modified_time":"2023-10-10T13:41:24+00:00","og_image":[{"width":1920,"height":1280,"url":"https:\/\/www.miyaspace.com\/wp-content\/uploads\/2021\/08\/Ania_2_male-1.jpg","type":"image\/jpeg"}],"twitter_card":"summary_large_image","twitter_misc":{"Szacowany czas czytania":"3 minuty"},"schema":{"@context":"https:\/\/schema.org","@graph":[{"@type":"WebPage","@id":"https:\/\/www.miyaspace.com\/index.php\/o-mnie\/","url":"https:\/\/www.miyaspace.com\/index.php\/o-mnie\/","name":"O mnie - Miyaspace","isPartOf":{"@id":"https:\/\/www.miyaspace.com\/#website"},"primaryImageOfPage":{"@id":"https:\/\/www.miyaspace.com\/index.php\/o-mnie\/#primaryimage"},"image":{"@id":"https:\/\/www.miyaspace.com\/index.php\/o-mnie\/#primaryimage"},"thumbnailUrl":"https:\/\/www.miyaspace.com\/wp-content\/uploads\/2021\/08\/Ania_2_male-1.jpg","datePublished":"2021-08-11T14:06:23+00:00","dateModified":"2023-10-10T13:41:24+00:00","description":"Ania D\u0105bek - psycholog i seksuolog. Za\u0142o\u017cycielka Miyaspace - twojej przestrzeni wsparcia online","breadcrumb":{"@id":"https:\/\/www.miyaspace.com\/index.php\/o-mnie\/#breadcrumb"},"inLanguage":"pl-PL","potentialAction":[{"@type":"ReadAction","target":["https:\/\/www.miyaspace.com\/index.php\/o-mnie\/"]}]},{"@type":"ImageObject","inLanguage":"pl-PL","@id":"https:\/\/www.miyaspace.com\/index.php\/o-mnie\/#primaryimage","url":"https:\/\/www.miyaspace.com\/wp-content\/uploads\/2021\/08\/Ania_2_male-1.jpg","contentUrl":"https:\/\/www.miyaspace.com\/wp-content\/uploads\/2021\/08\/Ania_2_male-1.jpg","width":1920,"height":1280},{"@type":"BreadcrumbList","@id":"https:\/\/www.miyaspace.com\/index.php\/o-mnie\/#breadcrumb","itemListElement":[{"@type":"ListItem","position":1,"name":"Strona G\u0142\u00f3wna","item":"https:\/\/www.miyaspace.com\/"},{"@type":"ListItem","position":2,"name":"O mnie"}]},{"@type":"WebSite","@id":"https:\/\/www.miyaspace.com\/#website","url":"https:\/\/www.miyaspace.com\/","name":"Miyaspace","description":"Twoja przestrze\u0144 wsparcia online ","potentialAction":[{"@type":"SearchAction","target":{"@type":"EntryPoint","urlTemplate":"https:\/\/www.miyaspace.com\/?s={search_term_string}"},"query-input":{"@type":"PropertyValueSpecification","valueRequired":true,"valueName":"search_term_string"}}],"inLanguage":"pl-PL"}]}},"_links":{"self":[{"href":"https:\/\/www.miyaspace.com\/index.php\/wp-json\/wp\/v2\/pages\/58","targetHints":{"allow":["GET"]}}],"collection":[{"href":"https:\/\/www.miyaspace.com\/index.php\/wp-json\/wp\/v2\/pages"}],"about":[{"href":"https:\/\/www.miyaspace.com\/index.php\/wp-json\/wp\/v2\/types\/page"}],"author":[{"embeddable":true,"href":"https:\/\/www.miyaspace.com\/index.php\/wp-json\/wp\/v2\/users\/1"}],"replies":[{"embeddable":true,"href":"https:\/\/www.miyaspace.com\/index.php\/wp-json\/wp\/v2\/comments?post=58"}],"version-history":[{"count":211,"href":"https:\/\/www.miyaspace.com\/index.php\/wp-json\/wp\/v2\/pages\/58\/revisions"}],"predecessor-version":[{"id":1925,"href":"https:\/\/www.miyaspace.com\/index.php\/wp-json\/wp\/v2\/pages\/58\/revisions\/1925"}],"wp:featuredmedia":[{"embeddable":true,"href":"https:\/\/www.miyaspace.com\/index.php\/wp-json\/wp\/v2\/media\/37"}],"wp:attachment":[{"href":"https:\/\/www.miyaspace.com\/index.php\/wp-json\/wp\/v2\/media?parent=58"}],"curies":[{"name":"wp","href":"https:\/\/api.w.org\/{rel}","templated":true}]}}