{"id":3,"date":"2021-08-11T13:22:56","date_gmt":"2021-08-11T13:22:56","guid":{"rendered":"https:\/\/www.miyaspace.com\/?page_id=3"},"modified":"2022-01-15T20:04:58","modified_gmt":"2022-01-15T20:04:58","slug":"privacy-policy","status":"publish","type":"page","link":"https:\/\/www.miyaspace.com\/index.php\/privacy-policy\/","title":{"rendered":"Polityka prywatno\u015bci"},"content":{"rendered":"\n<p>Do&nbsp;Twoich&nbsp;danych podchodz\u0119 odpowiedzialnie i&nbsp;powa\u017cnie. Zapoznaj si\u0119 prosz\u0119 z&nbsp;informacjami na&nbsp;temat ich prywatno\u015bci.<\/p>\n\n\n\n<p>Niniejsza Polityka Prywatno\u015bci stanowi zbi\u00f3r zasad przetwarzania danych osobowych U\u017cytkownik\u00f3w i&nbsp;zbierania plik\u00f3w cookies na&nbsp;stronie internetowej:&nbsp;<a href=\"http:\/\/www.dobrzeosobie.pl\/\">www.miyaspace.com<\/a>, dalej zwanej \u201eSerwisem\u201d.<\/p>\n\n\n\n<p>Przed&nbsp;rozpocz\u0119ciem korzystania z&nbsp;Serwisu, U\u017cytkownik powinien zapozna\u0107 si\u0119 z&nbsp;Polityk\u0105 Prywatno\u015bci. Celem Polityki Prywatno\u015bci jest m.in.&nbsp;realizacja obowi\u0105zku informacyjnego, o&nbsp;kt\u00f3rym&nbsp;mowa w&nbsp;art. 13 ust. 1 i&nbsp;2 Rozporz\u0105dzenia Parlamentu Europejskiego i&nbsp;Rady (UE) 2016\/679 z&nbsp;27 kwietnia 2016 r. w&nbsp;sprawie ochrony os\u00f3b fizycznych w&nbsp;zwi\u0105zku z&nbsp;przetwarzaniem danych osobowych i&nbsp;w&nbsp;sprawie swobodnego przep\u0142ywu takich danych oraz&nbsp;uchylenia dyrektywy 95\/46\/WE (Og\u00f3lne Rozporz\u0105dzenie o&nbsp;Ochronie Danych), dalej: \u201cRODO\u201d.<\/p>\n\n\n\n<p>Niniejsza Polityka Prywatno\u015bci zawiera r\u00f3wnie\u017c informacje o&nbsp;przetwarzaniu danych osobowych os\u00f3b, kt\u00f3re zapisuj\u0105 si\u0119 na&nbsp;newsletter Serwisu, kt\u00f3re dokonuj\u0105 zakupu produkt\u00f3w i\/lub us\u0142ug w&nbsp;elektronicznym sklepie Serwisu, a&nbsp;tak\u017ce kt\u00f3re kontaktuj\u0105 si\u0119 z&nbsp;Serwisem za&nbsp;po\u015brednictwem e-mail lub przez&nbsp;formularz kontaktowy.<\/p>\n\n\n\n<p><strong>Administrator danych osobowych<\/strong><\/p>\n\n\n\n<p>Administratorem danych osobowych U\u017cytkownik\u00f3w jest Miyaspace Anna D\u0105bek z siedzib\u0105 w Jeleniej G\u00f3rze przy ulicy Paderewskiego 58.<\/p>\n\n\n\n<p><strong>Dane osobowe u\u017cytkownik\u00f3w przetwarzam w&nbsp;nast\u0119puj\u0105cych celach:<\/strong><\/p>\n\n\n\n<ul class=\"wp-block-list\"><li>Udzielanie odpowiedzi na&nbsp;zapytania kierowane przez&nbsp;U\u017cytkownika oraz&nbsp;kontaktowanie si\u0119 z&nbsp;U\u017cytkownikiem w&nbsp;sprawach, z&nbsp;kt\u00f3rymi si\u0119 zwraca, korzystaj\u0105c m.in.&nbsp;z&nbsp;formularza kontaktowego lub wysy\u0142aj\u0105c wiadomo\u015b\u0107 na&nbsp;adres e-mail podany w&nbsp;Serwisie.<\/li><li>Kontaktowanie si\u0119 z&nbsp;U\u017cytkownikiem w&nbsp;sprawach bie\u017c\u0105cych, w&nbsp;tym w&nbsp;szczeg\u00f3lno\u015bci w&nbsp;zakresie wykonywania um\u00f3w mi\u0119dzy mn\u0105 a&nbsp;U\u017cytkownikiem lub podmiotem, kt\u00f3rego&nbsp;U\u017cytkownik reprezentuje, przedstawianie ofert, otrzymywanie zam\u00f3wie\u0144 oraz&nbsp;zlece\u0144, udzielanie odpowiedzi na&nbsp;pytania.<\/li><li>Realizacja um\u00f3w zawartych mi\u0119dzy mn\u0105 a&nbsp;U\u017cytkownikiem lub podmiotem, kt\u00f3rego&nbsp;on&nbsp;reprezentuje, w&nbsp;tym przyjmowanie i&nbsp;realizacja zam\u00f3wie\u0144, sk\u0142adanie zam\u00f3wie\u0144, zawieranie um\u00f3w, dokonywanie czynno\u015bci z&nbsp;zakresu rachunkowo\u015bci, obs\u0142uga ksi\u0119gowa, wystawianie faktur, windykacja nale\u017cno\u015bci, oraz&nbsp;w&nbsp;celach archiwalnych i&nbsp;statystycznych.<\/li><li>Za\u0142o\u017cenie i&nbsp;utrzymywanie konta U\u017cytkownika na&nbsp;podstawie umowy o&nbsp;\u015bwiadczenie us\u0142ug drog\u0105 elektroniczn\u0105 zawieranej poprzez rejestracj\u0119 konta.<\/li><li>Przesy\u0142anie newslettera, do&nbsp;kt\u00f3rego&nbsp;U\u017cytkownik si\u0119 zapisa\u0142.<\/li><li>Realizacja procedury reklamacyjnej lub procedury odst\u0105pienia od&nbsp;umowy.<\/li><li>Umieszczanie przez&nbsp;U\u017cytkownika komentarza na&nbsp;blogu.<\/li><li>Prowadzenie marketingu w\u0142asnych us\u0142ug i&nbsp;towar\u00f3w.<\/li><\/ul>\n\n\n\n<p><strong>Odbiorcy danych:<\/strong><\/p>\n\n\n\n<p>Dane osobowe U\u017cytkownika mog\u0119 udost\u0119pnia\u0107 podmiotom zewn\u0119trznym, kt\u00f3rym&nbsp;zlecamy us\u0142ugi zwi\u0105zane z&nbsp;przetwarzaniem danych osobowych lub realizacj\u0119 z\u0142o\u017conego przez&nbsp;U\u017cytkownika zam\u00f3wienia w&nbsp;sklepie elektronicznym.<\/p>\n\n\n\n<ul class=\"wp-block-list\"><li><strong>UAB \u201eMailerLite\u201d,<\/strong>&nbsp;z&nbsp;siedzib\u0105 w&nbsp;J. Basanavi\u010diaus g. 15, Vilnius, Lithuani. Korzystam z&nbsp;ich aplikacji mailingowej, s\u0142u\u017c\u0105cej do&nbsp;wysy\u0142ania poczty i&nbsp;newslettera do&nbsp;subskrybent\u00f3w, czyli m.in.&nbsp;do&nbsp;Ciebie.<\/li><li><strong>Google Cloud Poland Sp. z&nbsp;o.o.&nbsp;<\/strong>\u2013 w&nbsp;celu korzystania z&nbsp;poczty elektronicznej w&nbsp;ramach pakietu G Suite;<\/li><li><strong>STRIPE<\/strong>\u2013 platforma, za&nbsp;po\u015brednictwem kt\u00f3rej&nbsp;dokonywane s\u0105&nbsp;p\u0142atno\u015bci na&nbsp;platformie wooCommerce, z&nbsp;kt\u00f3rej&nbsp;korzystaj\u0105 Kupuj\u0105cy w&nbsp;celu op\u0142acenia dokonanego zam\u00f3wienia;<\/li><li><strong>Pomoc techniczna&nbsp;<\/strong>\u2013 w&nbsp;celu uzyskania wsparcia technicznego w&nbsp;zakresie prowadzenia strony internetowej, obs\u0142ugi serwera, poczty e-mail;<\/li><li><strong>mFakturowania<\/strong> program, kt\u00f3rego operatorem jest Sp\u00f3\u0142ka CashDirector S.A. z siedzib\u0105 w Warszawie, Al. Jerozolimskie 56C, 00-803 Warszawa, program do wystawienia dokumentu ksi\u0119gowego za&nbsp;zrealizowan\u0105 us\u0142ug\u0119 i&nbsp;produkt.<\/li><li><strong>Google Analytics by&nbsp;Google LLC&nbsp;<\/strong>\u2013 narz\u0119dzie marketingowe;<\/li><li><strong>Disqus&nbsp;<\/strong>\u2013 platforma umo\u017cliwiaj\u0105ca osadzenie komentarzy pod&nbsp;artyku\u0142ami na&nbsp;stronie internetowej;<\/li><\/ul>\n\n\n\n<p>W&nbsp;ramach prowadzonej przez&nbsp;administratora dzia\u0142alno\u015bci na&nbsp;stronie internetowej zosta\u0142y osadzone tak\u017ce wtyczki do&nbsp;medi\u00f3w spo\u0142eczno\u015bciowych. Cel i&nbsp;zakres gromadzenia danych oraz&nbsp;ich dalszego przetwarzania i&nbsp;wykorzystania przez&nbsp;us\u0142ugodawc\u00f3w zosta\u0142y opisane w&nbsp;politykach prywatno\u015bci ni\u017cej wskazanych:<\/p>\n\n\n\n<ul class=\"wp-block-list\"><li>Facebook \u2013\u00a0<a href=\"https:\/\/www.facebook.com\/privacy\/explanation\">https:\/\/www.facebook.com\/privacy\/explanation<\/a><\/li><li>Instagram \u2013\u00a0<a href=\"https:\/\/help.instagram.com\/519522125107875?helpref=page_content\">https:\/\/help.instagram.com\/519522125107875?helpref=page_content<\/a><\/li><\/ul>\n\n\n\n<p><strong>Jak d\u0142ugo przechowuj\u0119 dane osobowe:<\/strong><\/p>\n\n\n\n<p>W&nbsp;zwi\u0105zku z&nbsp;obowi\u0105zkiem przechowywania faktur, dane osobowe U\u017cytkownika przechowuj\u0119 przez&nbsp;okres 5 lat w&nbsp;zwi\u0105zku z&nbsp;wykonaniem umowy z&nbsp;nim zawartej wynikaj\u0105cej z&nbsp;zakupu us\u0142ugi lub produktu w&nbsp;Serwisie. Okres ten liczy si\u0119 od&nbsp;ko\u0144ca roku kalendarzowego, w&nbsp;kt\u00f3rym&nbsp;up\u0142yn\u0105\u0142 termin p\u0142atno\u015bci podatku nale\u017cnego w&nbsp;zwi\u0105zku z&nbsp;zawarciem i&nbsp;realizacj\u0105 umowy sprzeda\u017cy produktu albo&nbsp;d\u0142u\u017cej, je\u017celi wynika to&nbsp;z&nbsp;przepis\u00f3w prawa lub okresu przedawnienia roszcze\u0144 wynikaj\u0105cych z&nbsp;tej&nbsp;umowy.<\/p>\n\n\n\n<p>Dane osobowe, kt\u00f3re U\u017cytkownik przekaza\u0142 zapisuj\u0105c si\u0119 do&nbsp;poczty newsletter, przechowywane s\u0105&nbsp;przez&nbsp;czas funkcjonowania newslettera, o&nbsp;ile U\u017cytkownik nie&nbsp;zdecyduje wcze\u015bniej o&nbsp;wypisaniu si\u0119 z&nbsp;bazy subskrybent\u00f3w.<\/p>\n\n\n\n<p><strong>Prawa u\u017cytkownika zwi\u0105zane z&nbsp;przetwarzaniem danych osobowych:<\/strong><\/p>\n\n\n\n<p>Gwarantuj\u0119 realizacj\u0119 wszystkich uprawnie\u0144, przys\u0142uguj\u0105cych U\u017cytkownikowi na&nbsp;podstawie postanowie\u0144 RODO.<\/p>\n\n\n\n<p>W&nbsp;zwi\u0105zku z&nbsp;powy\u017cszym U\u017cytkownik: ma&nbsp;prawo do&nbsp;uzyskania dost\u0119pu do&nbsp;informacji, w&nbsp;jaki spos\u00f3b oraz&nbsp;w&nbsp;jakim zakresie przetwarzam jego dane osobowe oraz&nbsp;prawo uzyskania dost\u0119pu do&nbsp;nich, je\u017celi zauwa\u017cy, \u017ce&nbsp;przetwarzane przeze mnie dane osobowe s\u0105&nbsp;nieprawid\u0142owe lub niekompletne, ma&nbsp;prawo \u017c\u0105da\u0107 ich sprostowania lub uzupe\u0142nienia, mo\u017ce \u017c\u0105da\u0107 usuni\u0119cia danych osobowych, kt\u00f3re go&nbsp;dotycz\u0105: je\u017celi jego dane nie&nbsp;s\u0105&nbsp;ju\u017c niezb\u0119dne do&nbsp;cel\u00f3w, dla kt\u00f3rych&nbsp;zosta\u0142y przeze mnie zebrane, udzielona przez&nbsp;niego zgoda zostanie cofni\u0119ta, U\u017cytkownik zg\u0142osi sprzeciw co&nbsp;do&nbsp;przetwarzania swoich danych osobowych i&nbsp;nie&nbsp;wyst\u0119puj\u0105 nadrz\u0119dne, prawnie uzasadnione podstawy przetwarzania, jego dane s\u0105&nbsp;przetwarzane niezgodnie z&nbsp;prawem, dane osobowe musz\u0105 by\u0107 usuni\u0119te w&nbsp;celu wywi\u0105zania si\u0119 z&nbsp;obowi\u0105zku wynikaj\u0105cego z&nbsp;przepisu prawa.<\/p>\n\n\n\n<p>Je\u015bli U\u017cytkownik uzna, \u017ce&nbsp;przetwarzaj\u0105c jego dane osobowe dopu\u015bci\u0142am si\u0119 naruszenia przepis\u00f3w o&nbsp;ochronie danych osobowych, ma&nbsp;prawo do&nbsp;wniesienia skargi do&nbsp;organu nadzorczego, tj.&nbsp;do&nbsp;Prezesa Urz\u0119du Ochrony Danych Osobowych.<\/p>\n\n\n\n<p><strong>Pliki cookies<\/strong><\/p>\n\n\n\n<p>Poprzez pliki \u201ccookies\u201d nale\u017cy rozumie\u0107 dane informatyczne przechowywane w&nbsp;urz\u0105dzeniach ko\u0144cowych U\u017cytkownik\u00f3w, przeznaczone do&nbsp;korzystania ze&nbsp;stron internetowych. W&nbsp;szczeg\u00f3lno\u015bci s\u0105&nbsp;to&nbsp;pliki tekstowe, zawieraj\u0105ce nazw\u0119 strony internetowej, z&nbsp;kt\u00f3rej&nbsp;pochodz\u0105, czas przechowywania ich na&nbsp;urz\u0105dzeniu ko\u0144cowym oraz&nbsp;unikalny numer. Za&nbsp;pomoc\u0105 plik\u00f3w cookies dostarczane s\u0105&nbsp;Administratorowi informacje statystyczne o&nbsp;ruchu U\u017cytkownik\u00f3w, aktywno\u015bci U\u017cytkownik\u00f3w i&nbsp;sposobie wykorzystania Serwisu. Pozwalaj\u0105 one na&nbsp;dostosowanie tre\u015bci i&nbsp;us\u0142ug do&nbsp;preferencji U\u017cytkownika.<\/p>\n\n\n\n<p>Termin \u201eplik cookie\u201d odnosi si\u0119 do&nbsp;plik\u00f3w cookies i&nbsp;innych podobnych narz\u0119dzi opisanych w&nbsp;Dyrektywie 2009\/136\/WE Parlamentu Europejskiego dotycz\u0105cej przetwarzania danych osobowych i&nbsp;ochrony prywatno\u015bci w&nbsp;sektorze \u0142\u0105czno\u015bci elektronicznej (Dyrektywa o&nbsp;prywatno\u015bci i&nbsp;\u0142\u0105czno\u015bci elektronicznej) oraz&nbsp;art. 173 Prawa telekomunikacyjnego.<\/p>\n\n\n\n<p><strong>Do&nbsp;czego s\u0142u\u017c\u0105 pliki cookies?<\/strong><\/p>\n\n\n\n<p>W&nbsp;zwi\u0105zku z&nbsp;korzystaniem przeze mnie z&nbsp;plik\u00f3w cookies, przekazuj\u0119 najwa\u017cniejsze informacje na&nbsp;temat ich zastosowania.<\/p>\n\n\n\n<p>Mechanizm cookies nie&nbsp;jest wykorzystywany do&nbsp;pozyskiwania jakichkolwiek informacji o&nbsp;U\u017cytkownikach, z&nbsp;wyj\u0105tkiem informacji o&nbsp;ich zachowaniu na&nbsp;stronach Serwisu.<\/p>\n\n\n\n<p>Pliki cookies przeznaczone s\u0105&nbsp;do&nbsp;korzystania ze&nbsp;stron Serwisu.<br>Operator wykorzystuje te&nbsp;pliki do:<\/p>\n\n\n\n<ul class=\"wp-block-list\"><li>mo\u017cliwo\u015bci logowania i&nbsp;utrzymywania sesji U\u017cytkownika na&nbsp;ka\u017cdej kolejnej stronie serwisu, dzi\u0119ki kt\u00f3rej&nbsp;u\u017cytkownik np.&nbsp;nie&nbsp;musi na&nbsp;ka\u017cdej podstronie serwisu ponownie wpisywa\u0107 loginu i&nbsp;has\u0142a,<\/li><li>dopasowania zawarto\u015bci strony internetowej do&nbsp;indywidualnych preferencji u\u017cytkownika, przede wszystkim pliki te&nbsp;rozpoznaj\u0105 jego urz\u0105dzenie, aby zgodnie z&nbsp;jego preferencjami wy\u015bwietli\u0107 stron\u0119,<\/li><li>do&nbsp;tworzenia statystyk, kt\u00f3re pomagaj\u0105 zrozumie\u0107, w&nbsp;jaki spos\u00f3b U\u017cytkownicy Serwisu korzystaj\u0105 ze&nbsp;stron internetowych, co&nbsp;umo\u017cliwia ulepszanie ich struktury i&nbsp;zawarto\u015bci; w&nbsp;celu zapewnienia jak najlepszego funkcjonowania Serwisu zosta\u0142 on&nbsp;zintegrowany z&nbsp;us\u0142ug\u0105 analizuj\u0105c\u0105 Tw\u00f3j&nbsp;ruch w&nbsp;serwisie. Us\u0142ug\u0119 t\u0119&nbsp;wykorzystujemy do&nbsp;cel\u00f3w statystycznych, co&nbsp;pomaga nam lepiej dostosowa\u0107 Serwis do&nbsp;Twoich&nbsp;potrzeb.<\/li><\/ul>\n\n\n\n<p>W&nbsp;ramach Serwisu stosowane s\u0105&nbsp;dwa zasadnicze rodzaje plik\u00f3w cookies:<\/p>\n\n\n\n<ul class=\"wp-block-list\"><li>\u201esesyjne\u201d (\u201esession cookies\u201d): Cookies \u201esesyjne\u201d s\u0105&nbsp;plikami tymczasowymi, kt\u00f3re przechowywane s\u0105&nbsp;w&nbsp;urz\u0105dzeniu ko\u0144cowym U\u017cytkownika do&nbsp;czasu wylogowania, opuszczenia strony internetowej lub wy\u0142\u0105czenia oprogramowania (przegl\u0105darki internetowej),<\/li><li>\u201esta\u0142e\u201d (\u201epersistent cookies\u201d): \u201eSta\u0142e\u201d pliki cookies przechowywane s\u0105&nbsp;w&nbsp;urz\u0105dzeniu ko\u0144cowym U\u017cytkownika przez&nbsp;czas okre\u015blony w&nbsp;parametrach plik\u00f3w cookies lub do&nbsp;czasu ich usuni\u0119cia przez&nbsp;U\u017cytkownika.<\/li><\/ul>\n\n\n\n<p>W&nbsp;ramach Serwisu stosowane s\u0105&nbsp;nast\u0119puj\u0105ce rodzaje plik\u00f3w cookies:<\/p>\n\n\n\n<ul class=\"wp-block-list\"><li>\u201eniezb\u0119dne\u201d pliki cookies, umo\u017cliwiaj\u0105ce korzystanie z&nbsp;us\u0142ug dost\u0119pnych w&nbsp;ramach Serwisu, np.&nbsp;uwierzytelniaj\u0105ce pliki cookies wykorzystywane do&nbsp;us\u0142ug wymagaj\u0105cych uwierzytelniania w&nbsp;ramach Serwisu, pliki cookies s\u0142u\u017c\u0105ce do&nbsp;zapewnienia bezpiecze\u0144stwa, np.&nbsp;wykorzystywane do&nbsp;wykrywania nadu\u017cy\u0107 w&nbsp;zakresie uwierzytelniania w&nbsp;ramach Serwisu,<\/li><li>\u201ewydajno\u015bciowe\u201d pliki cookies, umo\u017cliwiaj\u0105ce zbieranie informacji o&nbsp;sposobie korzystania ze&nbsp;stron internetowych Serwisu,<\/li><li>\u201efunkcjonalne\u201d pliki cookies, umo\u017cliwiaj\u0105ce \u201ezapami\u0119tanie\u201d wybranych przez&nbsp;U\u017cytkownika ustawie\u0144 i&nbsp;personalizacj\u0119 interfejsu U\u017cytkownika, np.&nbsp;w&nbsp;zakresie wybranego j\u0119zyka lub regionu, z&nbsp;kt\u00f3rego&nbsp;pochodzi U\u017cytkownik, rozmiaru czcionki, wygl\u0105du strony internetowej itp.<\/li><\/ul>\n\n\n\n<p>Jak blokowa\u0107 dzia\u0142anie plik\u00f3w cookies?<\/p>\n\n\n\n<p>Standardowo oprogramowanie s\u0142u\u017c\u0105ce do&nbsp;przegl\u0105dania stron internetowych domy\u015blnie dopuszcza umieszczanie plik\u00f3w cookies na&nbsp;urz\u0105dzeniu ko\u0144cowym U\u017cytkownika. Ustawienia te&nbsp;mog\u0105 zosta\u0107 zmienione przez&nbsp;U\u017cytkownika w&nbsp;taki spos\u00f3b, aby blokowa\u0107 automatyczn\u0105 obs\u0142ug\u0119 \u201ccookies\u201d w&nbsp;ustawieniach przegl\u0105darki internetowej b\u0105d\u017a informowa\u0107 o&nbsp;ich ka\u017cdorazowym przes\u0142aniu na&nbsp;urz\u0105dzenia u\u017cytkownika.<\/p>\n\n\n\n<p>Szczeg\u00f3\u0142owe informacje o&nbsp;mo\u017cliwo\u015bci i&nbsp;sposobach obs\u0142ugi plik\u00f3w cookies dost\u0119pne s\u0105&nbsp;w&nbsp;ustawieniach przegl\u0105darek b\u0105d\u017a, w&nbsp;odniesieniu do&nbsp;najpopularniejszych przegl\u0105darek, na&nbsp;poni\u017cszych stronach www:<\/p>\n\n\n\n<ul class=\"wp-block-list\"><li>w&nbsp;przegl\u0105darce Microsoft Edge \u2013&nbsp;<a href=\"https:\/\/support.microsoft.com\/pl-pl\/windows\/program-microsoft-edge-i-przegl%C4%85danie-danych-a-prywatno%C5%9B%C4%87-bb8174ba-9d73-dcf2-9b4a-c582b4e640dd\">https:\/\/support.microsoft.com\/pl-pl\/windows\/program-microsoft-edge-i-przegl%C4%85danie-danych-a-prywatno%C5%9B%C4%87-bb8174ba-9d73-dcf2-9b4a-c582b4e640dd<\/a><\/li><li>w&nbsp;przegl\u0105darce Mozilla Firefox \u2013&nbsp;<a href=\"https:\/\/support.mozilla.org\/pl\/kb\/ciasteczka\">https:\/\/support.mozilla.org\/pl\/kb\/ciasteczka<\/a><\/li><li>w&nbsp;przegl\u0105darce Chrome \u2013&nbsp;<a href=\"https:\/\/policies.google.com\/technologies\/cookies?hl=pl\">https:\/\/policies.google.com\/technologies\/cookies?hl=pl<\/a><\/li><li>w&nbsp;przegl\u0105darce Safari \u2013&nbsp;<a href=\"https:\/\/support.apple.com\/pl-pl\/guide\/safari\/sfri11471\/mac\">https:\/\/support.apple.com\/pl-pl\/guide\/safari\/sfri11471\/mac<\/a><\/li><\/ul>\n\n\n\n<p>Administrator informuje, \u017ce&nbsp;ograniczenie stosowania plik\u00f3w cookies mo\u017ce wp\u0142yn\u0105\u0107 na&nbsp;niekt\u00f3re funkcjonalno\u015bci dost\u0119pne na&nbsp;stronach internetowych Serwisu.<\/p>\n\n\n\n<p><strong>Google analytics<\/strong><\/p>\n\n\n\n<p>W&nbsp;celu optymalizacji stron internetowych Serwisu oraz&nbsp;tworzenia statystyk i&nbsp;analiz korzystam z&nbsp;narz\u0119dzia Google Analytics. W&nbsp;ramach Google Analytics zbierane s\u0105&nbsp;informacje o&nbsp;zainteresowaniach oraz&nbsp;dane demograficzne. W&nbsp;ramach ustawie\u0144 plik\u00f3w cookies, bezpo\u015brednio z&nbsp;poziomu mojej&nbsp;strony, U\u017cytkownik mo\u017ce si\u0119 zgodzi\u0107 lub wyrazi\u0107 brak zgody na&nbsp;zbieranie takich danych o&nbsp;nim. Wszelkie szczeg\u00f3\u0142owe informacje na&nbsp;temat przetwarzania danych przez&nbsp;Google Analytics mo\u017cna przestudiowa\u0107 pod&nbsp;linkiem:&nbsp;<a href=\"https:\/\/support.google.com\/analytics\/answer\/6004245\">https:\/\/support.google.com\/analytics\/answer\/6004245<\/a>.<\/p>\n","protected":false},"excerpt":{"rendered":"<p>Do&nbsp;Twoich&nbsp;danych podchodz\u0119 odpowiedzialnie i&nbsp;powa\u017cnie. Zapoznaj si\u0119 prosz\u0119 z&nbsp;informacjami na&nbsp;temat ich prywatno\u015bci. Niniejsza Polityka Prywatno\u015bci stanowi zbi\u00f3r zasad przetwarzania danych osobowych U\u017cytkownik\u00f3w i&nbsp;zbierania plik\u00f3w cookies na&nbsp;stronie internetowej:&nbsp;www.miyaspace.com, dalej zwanej \u201eSerwisem\u201d. Przed&nbsp;rozpocz\u0119ciem korzystania z&nbsp;Serwisu, U\u017cytkownik powinien zapozna\u0107 si\u0119 z&nbsp;Polityk\u0105 Prywatno\u015bci. Celem Polityki Prywatno\u015bci jest m.in.&nbsp;realizacja obowi\u0105zku informacyjnego, o&nbsp;kt\u00f3rym&nbsp;mowa w&nbsp;art. 13 ust. 1 i&nbsp;2 Rozporz\u0105dzenia Parlamentu Europejskiego i&nbsp;Rady &hellip; <\/p>\n","protected":false},"author":1,"featured_media":0,"parent":0,"menu_order":0,"comment_status":"closed","ping_status":"open","template":"","meta":{"_monsterinsights_skip_tracking":false,"_monsterinsights_sitenote_active":false,"_monsterinsights_sitenote_note":"","_monsterinsights_sitenote_category":0,"footnotes":""},"class_list":["post-3","page","type-page","status-publish","hentry"],"yoast_head":"<!-- This site is optimized with the Yoast SEO plugin v25.3 - https:\/\/yoast.com\/wordpress\/plugins\/seo\/ -->\n<title>Polityka prywatno\u015bci - Miyaspace<\/title>\n<meta name=\"robots\" content=\"index, follow, max-snippet:-1, max-image-preview:large, max-video-preview:-1\" \/>\n<link rel=\"canonical\" href=\"https:\/\/www.miyaspace.com\/index.php\/privacy-policy\/\" \/>\n<meta property=\"og:locale\" content=\"pl_PL\" \/>\n<meta property=\"og:type\" content=\"article\" \/>\n<meta property=\"og:title\" content=\"Polityka prywatno\u015bci - Miyaspace\" \/>\n<meta property=\"og:description\" content=\"Do&nbsp;Twoich&nbsp;danych podchodz\u0119 odpowiedzialnie i&nbsp;powa\u017cnie. Zapoznaj si\u0119 prosz\u0119 z&nbsp;informacjami na&nbsp;temat ich prywatno\u015bci. Niniejsza Polityka Prywatno\u015bci stanowi zbi\u00f3r zasad przetwarzania danych osobowych U\u017cytkownik\u00f3w i&nbsp;zbierania plik\u00f3w cookies na&nbsp;stronie internetowej:&nbsp;www.miyaspace.com, dalej zwanej \u201eSerwisem\u201d. Przed&nbsp;rozpocz\u0119ciem korzystania z&nbsp;Serwisu, U\u017cytkownik powinien zapozna\u0107 si\u0119 z&nbsp;Polityk\u0105 Prywatno\u015bci. Celem Polityki Prywatno\u015bci jest m.in.&nbsp;realizacja obowi\u0105zku informacyjnego, o&nbsp;kt\u00f3rym&nbsp;mowa w&nbsp;art. 13 ust. 1 i&nbsp;2 Rozporz\u0105dzenia Parlamentu Europejskiego i&nbsp;Rady &hellip;\" \/>\n<meta property=\"og:url\" content=\"https:\/\/www.miyaspace.com\/index.php\/privacy-policy\/\" \/>\n<meta property=\"og:site_name\" content=\"Miyaspace\" \/>\n<meta property=\"article:modified_time\" content=\"2022-01-15T20:04:58+00:00\" \/>\n<meta name=\"twitter:card\" content=\"summary_large_image\" \/>\n<meta name=\"twitter:label1\" content=\"Szacowany czas czytania\" \/>\n\t<meta name=\"twitter:data1\" content=\"5 minut\" \/>\n<script type=\"application\/ld+json\" class=\"yoast-schema-graph\">{\"@context\":\"https:\/\/schema.org\",\"@graph\":[{\"@type\":\"WebPage\",\"@id\":\"https:\/\/www.miyaspace.com\/index.php\/privacy-policy\/\",\"url\":\"https:\/\/www.miyaspace.com\/index.php\/privacy-policy\/\",\"name\":\"Polityka prywatno\u015bci - Miyaspace\",\"isPartOf\":{\"@id\":\"https:\/\/www.miyaspace.com\/#website\"},\"datePublished\":\"2021-08-11T13:22:56+00:00\",\"dateModified\":\"2022-01-15T20:04:58+00:00\",\"breadcrumb\":{\"@id\":\"https:\/\/www.miyaspace.com\/index.php\/privacy-policy\/#breadcrumb\"},\"inLanguage\":\"pl-PL\",\"potentialAction\":[{\"@type\":\"ReadAction\",\"target\":[\"https:\/\/www.miyaspace.com\/index.php\/privacy-policy\/\"]}]},{\"@type\":\"BreadcrumbList\",\"@id\":\"https:\/\/www.miyaspace.com\/index.php\/privacy-policy\/#breadcrumb\",\"itemListElement\":[{\"@type\":\"ListItem\",\"position\":1,\"name\":\"Strona G\u0142\u00f3wna\",\"item\":\"https:\/\/www.miyaspace.com\/\"},{\"@type\":\"ListItem\",\"position\":2,\"name\":\"Polityka prywatno\u015bci\"}]},{\"@type\":\"WebSite\",\"@id\":\"https:\/\/www.miyaspace.com\/#website\",\"url\":\"https:\/\/www.miyaspace.com\/\",\"name\":\"Miyaspace\",\"description\":\"Twoja przestrze\u0144 wsparcia online \",\"potentialAction\":[{\"@type\":\"SearchAction\",\"target\":{\"@type\":\"EntryPoint\",\"urlTemplate\":\"https:\/\/www.miyaspace.com\/?s={search_term_string}\"},\"query-input\":{\"@type\":\"PropertyValueSpecification\",\"valueRequired\":true,\"valueName\":\"search_term_string\"}}],\"inLanguage\":\"pl-PL\"}]}<\/script>\n<!-- \/ Yoast SEO plugin. -->","yoast_head_json":{"title":"Polityka prywatno\u015bci - Miyaspace","robots":{"index":"index","follow":"follow","max-snippet":"max-snippet:-1","max-image-preview":"max-image-preview:large","max-video-preview":"max-video-preview:-1"},"canonical":"https:\/\/www.miyaspace.com\/index.php\/privacy-policy\/","og_locale":"pl_PL","og_type":"article","og_title":"Polityka prywatno\u015bci - Miyaspace","og_description":"Do&nbsp;Twoich&nbsp;danych podchodz\u0119 odpowiedzialnie i&nbsp;powa\u017cnie. Zapoznaj si\u0119 prosz\u0119 z&nbsp;informacjami na&nbsp;temat ich prywatno\u015bci. Niniejsza Polityka Prywatno\u015bci stanowi zbi\u00f3r zasad przetwarzania danych osobowych U\u017cytkownik\u00f3w i&nbsp;zbierania plik\u00f3w cookies na&nbsp;stronie internetowej:&nbsp;www.miyaspace.com, dalej zwanej \u201eSerwisem\u201d. Przed&nbsp;rozpocz\u0119ciem korzystania z&nbsp;Serwisu, U\u017cytkownik powinien zapozna\u0107 si\u0119 z&nbsp;Polityk\u0105 Prywatno\u015bci. Celem Polityki Prywatno\u015bci jest m.in.&nbsp;realizacja obowi\u0105zku informacyjnego, o&nbsp;kt\u00f3rym&nbsp;mowa w&nbsp;art. 13 ust. 1 i&nbsp;2 Rozporz\u0105dzenia Parlamentu Europejskiego i&nbsp;Rady &hellip;","og_url":"https:\/\/www.miyaspace.com\/index.php\/privacy-policy\/","og_site_name":"Miyaspace","article_modified_time":"2022-01-15T20:04:58+00:00","twitter_card":"summary_large_image","twitter_misc":{"Szacowany czas czytania":"5 minut"},"schema":{"@context":"https:\/\/schema.org","@graph":[{"@type":"WebPage","@id":"https:\/\/www.miyaspace.com\/index.php\/privacy-policy\/","url":"https:\/\/www.miyaspace.com\/index.php\/privacy-policy\/","name":"Polityka prywatno\u015bci - Miyaspace","isPartOf":{"@id":"https:\/\/www.miyaspace.com\/#website"},"datePublished":"2021-08-11T13:22:56+00:00","dateModified":"2022-01-15T20:04:58+00:00","breadcrumb":{"@id":"https:\/\/www.miyaspace.com\/index.php\/privacy-policy\/#breadcrumb"},"inLanguage":"pl-PL","potentialAction":[{"@type":"ReadAction","target":["https:\/\/www.miyaspace.com\/index.php\/privacy-policy\/"]}]},{"@type":"BreadcrumbList","@id":"https:\/\/www.miyaspace.com\/index.php\/privacy-policy\/#breadcrumb","itemListElement":[{"@type":"ListItem","position":1,"name":"Strona G\u0142\u00f3wna","item":"https:\/\/www.miyaspace.com\/"},{"@type":"ListItem","position":2,"name":"Polityka prywatno\u015bci"}]},{"@type":"WebSite","@id":"https:\/\/www.miyaspace.com\/#website","url":"https:\/\/www.miyaspace.com\/","name":"Miyaspace","description":"Twoja przestrze\u0144 wsparcia online ","potentialAction":[{"@type":"SearchAction","target":{"@type":"EntryPoint","urlTemplate":"https:\/\/www.miyaspace.com\/?s={search_term_string}"},"query-input":{"@type":"PropertyValueSpecification","valueRequired":true,"valueName":"search_term_string"}}],"inLanguage":"pl-PL"}]}},"_links":{"self":[{"href":"https:\/\/www.miyaspace.com\/index.php\/wp-json\/wp\/v2\/pages\/3","targetHints":{"allow":["GET"]}}],"collection":[{"href":"https:\/\/www.miyaspace.com\/index.php\/wp-json\/wp\/v2\/pages"}],"about":[{"href":"https:\/\/www.miyaspace.com\/index.php\/wp-json\/wp\/v2\/types\/page"}],"author":[{"embeddable":true,"href":"https:\/\/www.miyaspace.com\/index.php\/wp-json\/wp\/v2\/users\/1"}],"replies":[{"embeddable":true,"href":"https:\/\/www.miyaspace.com\/index.php\/wp-json\/wp\/v2\/comments?post=3"}],"version-history":[{"count":4,"href":"https:\/\/www.miyaspace.com\/index.php\/wp-json\/wp\/v2\/pages\/3\/revisions"}],"predecessor-version":[{"id":1359,"href":"https:\/\/www.miyaspace.com\/index.php\/wp-json\/wp\/v2\/pages\/3\/revisions\/1359"}],"wp:attachment":[{"href":"https:\/\/www.miyaspace.com\/index.php\/wp-json\/wp\/v2\/media?parent=3"}],"curies":[{"name":"wp","href":"https:\/\/api.w.org\/{rel}","templated":true}]}}