{"id":1893,"date":"2023-10-09T12:38:46","date_gmt":"2023-10-09T12:38:46","guid":{"rendered":"https:\/\/www.miyaspace.com\/?page_id=1893"},"modified":"2023-10-09T12:44:19","modified_gmt":"2023-10-09T12:44:19","slug":"artykuly","status":"publish","type":"page","link":"https:\/\/www.miyaspace.com\/index.php\/artykuly\/","title":{"rendered":"Publikacje"},"content":{"rendered":"\t\t<div data-elementor-type=\"wp-page\" data-elementor-id=\"1893\" class=\"elementor elementor-1893\">\n\t\t\t\t\t\t<section class=\"elementor-section elementor-top-section elementor-element elementor-element-cd2d2ab elementor-section-boxed elementor-section-height-default elementor-section-height-default\" data-id=\"cd2d2ab\" data-element_type=\"section\">\n\t\t\t\t\t\t<div class=\"elementor-container elementor-column-gap-default\">\n\t\t\t\t\t<div class=\"elementor-column elementor-col-100 elementor-top-column elementor-element elementor-element-d42f572\" data-id=\"d42f572\" data-element_type=\"column\">\n\t\t\t<div class=\"elementor-widget-wrap elementor-element-populated\">\n\t\t\t\t\t\t<div class=\"elementor-element elementor-element-8ab6f78 elementor-widget elementor-widget-wp-widget-bttk_pro_recent_post\" data-id=\"8ab6f78\" data-element_type=\"widget\" data-widget_type=\"wp-widget-bttk_pro_recent_post.default\">\n\t\t\t\t<div class=\"elementor-widget-container\">\n\t\t\t\t\t<h5>Sprawd\u017a ostatnie wpisy i publikacje<\/h5>            <ul class=\"style-one\">\n                                    <li>\n                                                    <a target=\"_self\" href=\"https:\/\/www.miyaspace.com\/index.php\/2023\/10\/10\/czy-znasz-swoj-styl-przywiazania\/\" class=\"post-thumbnail\">\n                                <img fetchpriority=\"high\" decoding=\"async\" width=\"330\" height=\"190\" src=\"https:\/\/www.miyaspace.com\/wp-content\/uploads\/2023\/10\/Untitled-design-26-330x190.png\" class=\"attachment-post-slider-thumb-size size-post-slider-thumb-size wp-post-image\" alt=\"\" itemprop=\"image\" \/>                            <\/a>\n                                                <div class=\"entry-header\">\n                            <span class=\"cat-links\"><a target=\"_self\" href=\"https:\/\/www.miyaspace.com\/index.php\/category\/dobre-relacje\/\" alt=\"View all posts in Dobre Relacje\">Dobre Relacje<\/a><a target=\"_self\" href=\"https:\/\/www.miyaspace.com\/index.php\/category\/psychologia\/\" alt=\"View all posts in Psychologia\">Psychologia<\/a><a target=\"_self\" href=\"https:\/\/www.miyaspace.com\/index.php\/category\/swiadome-zycie\/\" alt=\"View all posts in \u015awiadome \u017cycie\">\u015awiadome \u017cycie<\/a><\/span>                            <h3 class=\"entry-title\"><a target=\"_self\" href=\"https:\/\/www.miyaspace.com\/index.php\/2023\/10\/10\/czy-znasz-swoj-styl-przywiazania\/\">Czy znasz sw\u00f3j styl przywi\u0105zania?<\/a><\/h3>\n\n                                                            <div class=\"entry-meta\">\n                                    <span class=\"posted-on\"><a target=\"_self\" href=\"https:\/\/www.miyaspace.com\/index.php\/2023\/10\/10\/czy-znasz-swoj-styl-przywiazania\/\">\n                                        <time datetime=\"2023-10-10\">10 pa\u017adziernika, 2023<\/time><\/a>\n                                    <\/span>\n                                <\/div>\n                                                    <\/div>                        \n                    <\/li>        \n                                    <li>\n                                                    <a target=\"_self\" href=\"https:\/\/www.miyaspace.com\/index.php\/2023\/10\/04\/na-co-zwrocic-uwage-wybierajac-swojego-specjaliste-psychologa-seksuologa-psychoterapeute\/\" class=\"post-thumbnail\">\n                                <img decoding=\"async\" width=\"330\" height=\"190\" src=\"https:\/\/www.miyaspace.com\/wp-content\/uploads\/2021\/08\/cropped-Ania_17_male-330x190.jpg\" class=\"attachment-post-slider-thumb-size size-post-slider-thumb-size wp-post-image\" alt=\"\" itemprop=\"image\" \/>                            <\/a>\n                                                <div class=\"entry-header\">\n                            <span class=\"cat-links\"><a target=\"_self\" href=\"https:\/\/www.miyaspace.com\/index.php\/category\/psychologia\/\" alt=\"View all posts in Psychologia\">Psychologia<\/a><a target=\"_self\" href=\"https:\/\/www.miyaspace.com\/index.php\/category\/seksuologia\/\" alt=\"View all posts in Seksuologia\">Seksuologia<\/a><a target=\"_self\" href=\"https:\/\/www.miyaspace.com\/index.php\/category\/swiadome-zycie\/\" alt=\"View all posts in \u015awiadome \u017cycie\">\u015awiadome \u017cycie<\/a><\/span>                            <h3 class=\"entry-title\"><a target=\"_self\" href=\"https:\/\/www.miyaspace.com\/index.php\/2023\/10\/04\/na-co-zwrocic-uwage-wybierajac-swojego-specjaliste-psychologa-seksuologa-psychoterapeute\/\">Na co zwr\u00f3ci\u0107 uwag\u0119, wybieraj\u0105c swojego specjalist\u0119 (psychologa, seksuologa, psychoterapeut\u0119)?<\/a><\/h3>\n\n                                                            <div class=\"entry-meta\">\n                                    <span class=\"posted-on\"><a target=\"_self\" href=\"https:\/\/www.miyaspace.com\/index.php\/2023\/10\/04\/na-co-zwrocic-uwage-wybierajac-swojego-specjaliste-psychologa-seksuologa-psychoterapeute\/\">\n                                        <time datetime=\"2023-10-04\">4 pa\u017adziernika, 2023<\/time><\/a>\n                                    <\/span>\n                                <\/div>\n                                                    <\/div>                        \n                    <\/li>        \n                            <\/ul>\n            \t\t\t\t<\/div>\n\t\t\t\t<\/div>\n\t\t\t\t\t<\/div>\n\t\t<\/div>\n\t\t\t\t\t<\/div>\n\t\t<\/section>\n\t\t\t\t<\/div>\n\t\t","protected":false},"excerpt":{"rendered":"","protected":false},"author":1,"featured_media":0,"parent":0,"menu_order":0,"comment_status":"closed","ping_status":"closed","template":"","meta":{"_monsterinsights_skip_tracking":false,"_monsterinsights_sitenote_active":false,"_monsterinsights_sitenote_note":"","_monsterinsights_sitenote_category":0,"footnotes":""},"class_list":["post-1893","page","type-page","status-publish","hentry"],"yoast_head":"<!-- This site is optimized with the Yoast SEO plugin v25.3 - https:\/\/yoast.com\/wordpress\/plugins\/seo\/ -->\n<title>Publikacje - Miyaspace<\/title>\n<meta name=\"robots\" content=\"index, follow, max-snippet:-1, max-image-preview:large, max-video-preview:-1\" \/>\n<link rel=\"canonical\" href=\"https:\/\/www.miyaspace.com\/index.php\/artykuly\/\" \/>\n<meta property=\"og:locale\" content=\"pl_PL\" \/>\n<meta property=\"og:type\" content=\"article\" \/>\n<meta property=\"og:title\" content=\"Publikacje - Miyaspace\" \/>\n<meta property=\"og:url\" content=\"https:\/\/www.miyaspace.com\/index.php\/artykuly\/\" \/>\n<meta property=\"og:site_name\" content=\"Miyaspace\" \/>\n<meta property=\"article:modified_time\" content=\"2023-10-09T12:44:19+00:00\" \/>\n<meta name=\"twitter:card\" content=\"summary_large_image\" \/>\n<script type=\"application\/ld+json\" class=\"yoast-schema-graph\">{\"@context\":\"https:\/\/schema.org\",\"@graph\":[{\"@type\":\"WebPage\",\"@id\":\"https:\/\/www.miyaspace.com\/index.php\/artykuly\/\",\"url\":\"https:\/\/www.miyaspace.com\/index.php\/artykuly\/\",\"name\":\"Publikacje - Miyaspace\",\"isPartOf\":{\"@id\":\"https:\/\/www.miyaspace.com\/#website\"},\"datePublished\":\"2023-10-09T12:38:46+00:00\",\"dateModified\":\"2023-10-09T12:44:19+00:00\",\"breadcrumb\":{\"@id\":\"https:\/\/www.miyaspace.com\/index.php\/artykuly\/#breadcrumb\"},\"inLanguage\":\"pl-PL\",\"potentialAction\":[{\"@type\":\"ReadAction\",\"target\":[\"https:\/\/www.miyaspace.com\/index.php\/artykuly\/\"]}]},{\"@type\":\"BreadcrumbList\",\"@id\":\"https:\/\/www.miyaspace.com\/index.php\/artykuly\/#breadcrumb\",\"itemListElement\":[{\"@type\":\"ListItem\",\"position\":1,\"name\":\"Strona G\u0142\u00f3wna\",\"item\":\"https:\/\/www.miyaspace.com\/\"},{\"@type\":\"ListItem\",\"position\":2,\"name\":\"Publikacje\"}]},{\"@type\":\"WebSite\",\"@id\":\"https:\/\/www.miyaspace.com\/#website\",\"url\":\"https:\/\/www.miyaspace.com\/\",\"name\":\"Miyaspace\",\"description\":\"Twoja przestrze\u0144 wsparcia online \",\"potentialAction\":[{\"@type\":\"SearchAction\",\"target\":{\"@type\":\"EntryPoint\",\"urlTemplate\":\"https:\/\/www.miyaspace.com\/?s={search_term_string}\"},\"query-input\":{\"@type\":\"PropertyValueSpecification\",\"valueRequired\":true,\"valueName\":\"search_term_string\"}}],\"inLanguage\":\"pl-PL\"}]}<\/script>\n<!-- \/ Yoast SEO plugin. -->","yoast_head_json":{"title":"Publikacje - Miyaspace","robots":{"index":"index","follow":"follow","max-snippet":"max-snippet:-1","max-image-preview":"max-image-preview:large","max-video-preview":"max-video-preview:-1"},"canonical":"https:\/\/www.miyaspace.com\/index.php\/artykuly\/","og_locale":"pl_PL","og_type":"article","og_title":"Publikacje - Miyaspace","og_url":"https:\/\/www.miyaspace.com\/index.php\/artykuly\/","og_site_name":"Miyaspace","article_modified_time":"2023-10-09T12:44:19+00:00","twitter_card":"summary_large_image","schema":{"@context":"https:\/\/schema.org","@graph":[{"@type":"WebPage","@id":"https:\/\/www.miyaspace.com\/index.php\/artykuly\/","url":"https:\/\/www.miyaspace.com\/index.php\/artykuly\/","name":"Publikacje - Miyaspace","isPartOf":{"@id":"https:\/\/www.miyaspace.com\/#website"},"datePublished":"2023-10-09T12:38:46+00:00","dateModified":"2023-10-09T12:44:19+00:00","breadcrumb":{"@id":"https:\/\/www.miyaspace.com\/index.php\/artykuly\/#breadcrumb"},"inLanguage":"pl-PL","potentialAction":[{"@type":"ReadAction","target":["https:\/\/www.miyaspace.com\/index.php\/artykuly\/"]}]},{"@type":"BreadcrumbList","@id":"https:\/\/www.miyaspace.com\/index.php\/artykuly\/#breadcrumb","itemListElement":[{"@type":"ListItem","position":1,"name":"Strona G\u0142\u00f3wna","item":"https:\/\/www.miyaspace.com\/"},{"@type":"ListItem","position":2,"name":"Publikacje"}]},{"@type":"WebSite","@id":"https:\/\/www.miyaspace.com\/#website","url":"https:\/\/www.miyaspace.com\/","name":"Miyaspace","description":"Twoja przestrze\u0144 wsparcia online ","potentialAction":[{"@type":"SearchAction","target":{"@type":"EntryPoint","urlTemplate":"https:\/\/www.miyaspace.com\/?s={search_term_string}"},"query-input":{"@type":"PropertyValueSpecification","valueRequired":true,"valueName":"search_term_string"}}],"inLanguage":"pl-PL"}]}},"_links":{"self":[{"href":"https:\/\/www.miyaspace.com\/index.php\/wp-json\/wp\/v2\/pages\/1893","targetHints":{"allow":["GET"]}}],"collection":[{"href":"https:\/\/www.miyaspace.com\/index.php\/wp-json\/wp\/v2\/pages"}],"about":[{"href":"https:\/\/www.miyaspace.com\/index.php\/wp-json\/wp\/v2\/types\/page"}],"author":[{"embeddable":true,"href":"https:\/\/www.miyaspace.com\/index.php\/wp-json\/wp\/v2\/users\/1"}],"replies":[{"embeddable":true,"href":"https:\/\/www.miyaspace.com\/index.php\/wp-json\/wp\/v2\/comments?post=1893"}],"version-history":[{"count":8,"href":"https:\/\/www.miyaspace.com\/index.php\/wp-json\/wp\/v2\/pages\/1893\/revisions"}],"predecessor-version":[{"id":1902,"href":"https:\/\/www.miyaspace.com\/index.php\/wp-json\/wp\/v2\/pages\/1893\/revisions\/1902"}],"wp:attachment":[{"href":"https:\/\/www.miyaspace.com\/index.php\/wp-json\/wp\/v2\/media?parent=1893"}],"curies":[{"name":"wp","href":"https:\/\/api.w.org\/{rel}","templated":true}]}}