{"id":1609,"date":"2023-09-22T14:48:36","date_gmt":"2023-09-22T14:48:36","guid":{"rendered":"https:\/\/www.miyaspace.com\/?page_id=1609"},"modified":"2023-10-10T14:02:00","modified_gmt":"2023-10-10T14:02:00","slug":"konsultacje-i-sesje-psychologiczne","status":"publish","type":"page","link":"https:\/\/www.miyaspace.com\/index.php\/konsultacje-i-sesje-psychologiczne\/","title":{"rendered":"Konsultacje i sesje psychologiczne"},"content":{"rendered":"\t\t<div data-elementor-type=\"wp-page\" data-elementor-id=\"1609\" class=\"elementor elementor-1609\">\n\t\t\t\t\t\t<section class=\"elementor-section elementor-top-section elementor-element elementor-element-72ce5d7 elementor-section-boxed elementor-section-height-default elementor-section-height-default\" data-id=\"72ce5d7\" data-element_type=\"section\">\n\t\t\t\t\t\t<div class=\"elementor-container elementor-column-gap-default\">\n\t\t\t\t\t<div class=\"elementor-column elementor-col-100 elementor-top-column elementor-element elementor-element-3962777\" data-id=\"3962777\" data-element_type=\"column\">\n\t\t\t<div class=\"elementor-widget-wrap elementor-element-populated\">\n\t\t\t\t\t\t<div class=\"elementor-element elementor-element-3a47bd5 elementor-widget elementor-widget-image\" data-id=\"3a47bd5\" data-element_type=\"widget\" data-widget_type=\"image.default\">\n\t\t\t\t<div class=\"elementor-widget-container\">\n\t\t\t\t\t\t\t\t\t\t\t\t\t\t\t<img fetchpriority=\"high\" decoding=\"async\" width=\"770\" height=\"512\" src=\"https:\/\/www.miyaspace.com\/wp-content\/uploads\/2023\/09\/Ania_20_male-1024x681.jpg\" class=\"attachment-large size-large wp-image-1681\" alt=\"\" srcset=\"https:\/\/www.miyaspace.com\/wp-content\/uploads\/2023\/09\/Ania_20_male-1024x681.jpg 1024w, https:\/\/www.miyaspace.com\/wp-content\/uploads\/2023\/09\/Ania_20_male-300x199.jpg 300w, https:\/\/www.miyaspace.com\/wp-content\/uploads\/2023\/09\/Ania_20_male-768x510.jpg 768w, https:\/\/www.miyaspace.com\/wp-content\/uploads\/2023\/09\/Ania_20_male-1536x1021.jpg 1536w, https:\/\/www.miyaspace.com\/wp-content\/uploads\/2023\/09\/Ania_20_male-600x399.jpg 600w, https:\/\/www.miyaspace.com\/wp-content\/uploads\/2023\/09\/Ania_20_male-272x182.jpg 272w, https:\/\/www.miyaspace.com\/wp-content\/uploads\/2023\/09\/Ania_20_male.jpg 1920w\" sizes=\"(max-width: 770px) 100vw, 770px\" \/>\t\t\t\t\t\t\t\t\t\t\t\t\t\t\t<\/div>\n\t\t\t\t<\/div>\n\t\t\t\t\t<\/div>\n\t\t<\/div>\n\t\t\t\t\t<\/div>\n\t\t<\/section>\n\t\t\t\t<section class=\"elementor-section elementor-top-section elementor-element elementor-element-d79926c elementor-section-boxed elementor-section-height-default elementor-section-height-default\" data-id=\"d79926c\" data-element_type=\"section\">\n\t\t\t\t\t\t<div class=\"elementor-container elementor-column-gap-default\">\n\t\t\t\t\t<div class=\"elementor-column elementor-col-100 elementor-top-column elementor-element elementor-element-e2ef5f1\" data-id=\"e2ef5f1\" data-element_type=\"column\">\n\t\t\t<div class=\"elementor-widget-wrap elementor-element-populated\">\n\t\t\t\t\t\t<div class=\"elementor-element elementor-element-06f7ae6 elementor-widget elementor-widget-heading\" data-id=\"06f7ae6\" data-element_type=\"widget\" data-widget_type=\"heading.default\">\n\t\t\t\t<div class=\"elementor-widget-container\">\n\t\t\t\t\t<h3 class=\"elementor-heading-title elementor-size-default\">Zapraszam Ci\u0119 na konsultacj\u0119 psychologiczn\u0105 lub do podj\u0119cia wsp\u00f3lnej pracy je\u015bli: <\/h3>\t\t\t\t<\/div>\n\t\t\t\t<\/div>\n\t\t\t\t<div class=\"elementor-element elementor-element-f116807 elementor-icon-list--layout-traditional elementor-list-item-link-full_width elementor-widget elementor-widget-icon-list\" data-id=\"f116807\" data-element_type=\"widget\" data-widget_type=\"icon-list.default\">\n\t\t\t\t<div class=\"elementor-widget-container\">\n\t\t\t\t\t\t\t<ul class=\"elementor-icon-list-items\">\n\t\t\t\t\t\t\t<li class=\"elementor-icon-list-item\">\n\t\t\t\t\t\t\t\t\t\t\t<span class=\"elementor-icon-list-icon\">\n\t\t\t\t\t\t\t<i aria-hidden=\"true\" class=\"fas fa-circle\"><\/i>\t\t\t\t\t\t<\/span>\n\t\t\t\t\t\t\t\t\t\t<span class=\"elementor-icon-list-text\">cz\u0119sto prze\u017cywasz l\u0119k, niepok\u00f3j, napi\u0119cie lub obni\u017cony nastr\u00f3j<\/span>\n\t\t\t\t\t\t\t\t\t<\/li>\n\t\t\t\t\t\t\t\t<li class=\"elementor-icon-list-item\">\n\t\t\t\t\t\t\t\t\t\t\t<span class=\"elementor-icon-list-icon\">\n\t\t\t\t\t\t\t<i aria-hidden=\"true\" class=\"fas fa-circle\"><\/i>\t\t\t\t\t\t<\/span>\n\t\t\t\t\t\t\t\t\t\t<span class=\"elementor-icon-list-text\">zmagasz si\u0119 z brakiem satysfakcji z \u017cycia, nisk\u0105 samoocen\u0105, trudno\u015bciami emocjonalnymi czy perfekcjonizmem <\/span>\n\t\t\t\t\t\t\t\t\t<\/li>\n\t\t\t\t\t\t\t\t<li class=\"elementor-icon-list-item\">\n\t\t\t\t\t\t\t\t\t\t\t<span class=\"elementor-icon-list-icon\">\n\t\t\t\t\t\t\t<i aria-hidden=\"true\" class=\"fas fa-circle\"><\/i>\t\t\t\t\t\t<\/span>\n\t\t\t\t\t\t\t\t\t\t<span class=\"elementor-icon-list-text\">czujesz przyt\u0142oczenie i chcesz nauczy\u0107 si\u0119 lepiej stawia\u0107 granice <\/span>\n\t\t\t\t\t\t\t\t\t<\/li>\n\t\t\t\t\t\t\t\t<li class=\"elementor-icon-list-item\">\n\t\t\t\t\t\t\t\t\t\t\t<span class=\"elementor-icon-list-icon\">\n\t\t\t\t\t\t\t<i aria-hidden=\"true\" class=\"fas fa-circle\"><\/i>\t\t\t\t\t\t<\/span>\n\t\t\t\t\t\t\t\t\t\t<span class=\"elementor-icon-list-text\">chcesz tworzy\u0107 bardziej satysfakcjonuj\u0105ce relacje<\/span>\n\t\t\t\t\t\t\t\t\t<\/li>\n\t\t\t\t\t\t\t\t<li class=\"elementor-icon-list-item\">\n\t\t\t\t\t\t\t\t\t\t\t<span class=\"elementor-icon-list-icon\">\n\t\t\t\t\t\t\t<i aria-hidden=\"true\" class=\"fas fa-circle\"><\/i>\t\t\t\t\t\t<\/span>\n\t\t\t\t\t\t\t\t\t\t<span class=\"elementor-icon-list-text\">prze\u017cywasz trudno\u015bci \u017cyciowe i potrzebujesz wzmocnienia<\/span>\n\t\t\t\t\t\t\t\t\t<\/li>\n\t\t\t\t\t\t\t\t<li class=\"elementor-icon-list-item\">\n\t\t\t\t\t\t\t\t\t\t\t<span class=\"elementor-icon-list-icon\">\n\t\t\t\t\t\t\t<i aria-hidden=\"true\" class=\"fas fa-circle\"><\/i>\t\t\t\t\t\t<\/span>\n\t\t\t\t\t\t\t\t\t\t<span class=\"elementor-icon-list-text\">masz problem z nawi\u0105zywaniem, utrzymywaniem, lub zako\u0144czeniem relacji<\/span>\n\t\t\t\t\t\t\t\t\t<\/li>\n\t\t\t\t\t\t\t\t<li class=\"elementor-icon-list-item\">\n\t\t\t\t\t\t\t\t\t\t\t<span class=\"elementor-icon-list-icon\">\n\t\t\t\t\t\t\t<i aria-hidden=\"true\" class=\"fas fa-circle\"><\/i>\t\t\t\t\t\t<\/span>\n\t\t\t\t\t\t\t\t\t\t<span class=\"elementor-icon-list-text\">potrzebujesz towarzyszenia w trakcie du\u017cych \u017cyciowych zmian<\/span>\n\t\t\t\t\t\t\t\t\t<\/li>\n\t\t\t\t\t\t<\/ul>\n\t\t\t\t\t\t<\/div>\n\t\t\t\t<\/div>\n\t\t\t\t\t<\/div>\n\t\t<\/div>\n\t\t\t\t\t<\/div>\n\t\t<\/section>\n\t\t\t\t<section class=\"elementor-section elementor-top-section elementor-element elementor-element-9fbebb4 elementor-section-boxed elementor-section-height-default elementor-section-height-default\" data-id=\"9fbebb4\" data-element_type=\"section\">\n\t\t\t\t\t\t<div class=\"elementor-container elementor-column-gap-default\">\n\t\t\t\t\t<div class=\"elementor-column elementor-col-100 elementor-top-column elementor-element elementor-element-ec72b21\" data-id=\"ec72b21\" data-element_type=\"column\">\n\t\t\t<div class=\"elementor-widget-wrap elementor-element-populated\">\n\t\t\t\t\t\t<div class=\"elementor-element elementor-element-1af4594 elementor-widget elementor-widget-heading\" data-id=\"1af4594\" data-element_type=\"widget\" data-widget_type=\"heading.default\">\n\t\t\t\t<div class=\"elementor-widget-container\">\n\t\t\t\t\t<h3 class=\"elementor-heading-title elementor-size-default\">Jak pracuj\u0119? <\/h3>\t\t\t\t<\/div>\n\t\t\t\t<\/div>\n\t\t\t\t\t<\/div>\n\t\t<\/div>\n\t\t\t\t\t<\/div>\n\t\t<\/section>\n\t\t\t\t<section class=\"elementor-section elementor-top-section elementor-element elementor-element-f735adc elementor-section-boxed elementor-section-height-default elementor-section-height-default\" data-id=\"f735adc\" data-element_type=\"section\">\n\t\t\t\t\t\t<div class=\"elementor-container elementor-column-gap-default\">\n\t\t\t\t\t<div class=\"elementor-column elementor-col-100 elementor-top-column elementor-element elementor-element-4ed279b\" data-id=\"4ed279b\" data-element_type=\"column\">\n\t\t\t<div class=\"elementor-widget-wrap elementor-element-populated\">\n\t\t\t\t\t\t<div class=\"elementor-element elementor-element-8dc9d6a elementor-widget elementor-widget-heading\" data-id=\"8dc9d6a\" data-element_type=\"widget\" data-widget_type=\"heading.default\">\n\t\t\t\t<div class=\"elementor-widget-container\">\n\t\t\t\t\t<h3 class=\"elementor-heading-title elementor-size-default\">Pracuj\u0119 w nurcie poznawczo-behawioralnym, u\u017cywaj\u0105c r\u00f3wnie\u017c wielu technik z podej\u015bcia skoncentrowanego na rozwi\u0105zaniach (TSR) oraz podej\u015bcia i technik coachingowych. <\/h3>\t\t\t\t<\/div>\n\t\t\t\t<\/div>\n\t\t\t\t\t<\/div>\n\t\t<\/div>\n\t\t\t\t\t<\/div>\n\t\t<\/section>\n\t\t\t\t<section class=\"elementor-section elementor-top-section elementor-element elementor-element-ed471bc elementor-section-boxed elementor-section-height-default elementor-section-height-default\" data-id=\"ed471bc\" data-element_type=\"section\">\n\t\t\t\t\t\t<div class=\"elementor-container elementor-column-gap-default\">\n\t\t\t\t\t<div class=\"elementor-column elementor-col-100 elementor-top-column elementor-element elementor-element-ddd5336\" data-id=\"ddd5336\" data-element_type=\"column\">\n\t\t\t<div class=\"elementor-widget-wrap elementor-element-populated\">\n\t\t\t\t\t\t<div class=\"elementor-element elementor-element-4b0c08a elementor-widget elementor-widget-heading\" data-id=\"4b0c08a\" data-element_type=\"widget\" data-widget_type=\"heading.default\">\n\t\t\t\t<div class=\"elementor-widget-container\">\n\t\t\t\t\t<h3 class=\"elementor-heading-title elementor-size-default\">Oznacza to, \u017ce zagl\u0105damy w przesz\u0142o\u015b\u0107, ale du\u017co bardziej skupiamy si\u0119 na tym, co \u201etu i teraz\" i podr\u00f3\u017cujemy w przysz\u0142o\u015b\u0107. W stron\u0119 Twoich cel\u00f3w. Opieramy si\u0119 na mocnych stronach i zasobach. Du\u017c\u0105 uwag\u0119 przywi\u0105zujemy do tego w jaki spos\u00f3b interpretujesz sytuacje ze swojego \u017cycia, jakie masz przekonania i jak one mog\u0105 wp\u0142ywa\u0107 na twoje dzia\u0142anie i twoje relacje.    <\/h3>\t\t\t\t<\/div>\n\t\t\t\t<\/div>\n\t\t\t\t<div class=\"elementor-element elementor-element-531b1a0 elementor-widget elementor-widget-heading\" data-id=\"531b1a0\" data-element_type=\"widget\" data-widget_type=\"heading.default\">\n\t\t\t\t<div class=\"elementor-widget-container\">\n\t\t\t\t\t<h3 class=\"elementor-heading-title elementor-size-default\">Bardzo wa\u017cne jest dla mnie tworzenie dla Ciebie bezpiecznej przestrzeni do wyra\u017cania my\u015bli, emocji i pragnie\u0144. <\/h3>\t\t\t\t<\/div>\n\t\t\t\t<\/div>\n\t\t\t\t<div class=\"elementor-element elementor-element-b2899b1 elementor-widget elementor-widget-heading\" data-id=\"b2899b1\" data-element_type=\"widget\" data-widget_type=\"heading.default\">\n\t\t\t\t<div class=\"elementor-widget-container\">\n\t\t\t\t\t<h3 class=\"elementor-heading-title elementor-size-default\">Zwykle od 1 do 3 pierwszych sesji po\u015bwi\u0119camy na wst\u0119pne konsultacje. Oznacza to, \u017ce zbieramy wywiad na temat Twojej sytuacji i historii. Ponadto ustalamy cele oraz przybli\u017cone ramy czasowe wsp\u00f3lnej pracy. <\/h3>\t\t\t\t<\/div>\n\t\t\t\t<\/div>\n\t\t\t\t<div class=\"elementor-element elementor-element-af7f4d4 elementor-widget elementor-widget-heading\" data-id=\"af7f4d4\" data-element_type=\"widget\" data-widget_type=\"heading.default\">\n\t\t\t\t<div class=\"elementor-widget-container\">\n\t\t\t\t\t<h3 class=\"elementor-heading-title elementor-size-default\">W trakcie procesu nastawiamy si\u0119 na poszukiwanie praktycznych rozwi\u0105za\u0144. Zastanawiamy si\u0119 r\u00f3wnie\u017c, jak mo\u017cesz pracowa\u0107 nad tematem pomi\u0119dzy sesjami. Cz\u0119sto b\u0119d\u0119 sugerowa\u0107 zadania domowe (samoobserwacj\u0119, \u0107wiczenia praktyczne czy zapoznanie z dodatkowymi materia\u0142ami). <\/h3>\t\t\t\t<\/div>\n\t\t\t\t<\/div>\n\t\t\t\t<div class=\"elementor-element elementor-element-c3cf9d6 elementor-widget elementor-widget-heading\" data-id=\"c3cf9d6\" data-element_type=\"widget\" data-widget_type=\"heading.default\">\n\t\t\t\t<div class=\"elementor-widget-container\">\n\t\t\t\t\t<h3 class=\"elementor-heading-title elementor-size-default\">Je\u015bli po Tym opisie czujesz, \u017ce chcesz spr\u00f3bowa\u0107 wsp\u00f3lnej pracy zapraszam Ci\u0119 na darmow\u0105 konsultacj\u0119 wst\u0119pn\u0105. <\/h3>\t\t\t\t<\/div>\n\t\t\t\t<\/div>\n\t\t\t\t\t<\/div>\n\t\t<\/div>\n\t\t\t\t\t<\/div>\n\t\t<\/section>\n\t\t\t\t<section class=\"elementor-section elementor-top-section elementor-element elementor-element-6c9b3c6 elementor-section-boxed elementor-section-height-default elementor-section-height-default\" data-id=\"6c9b3c6\" data-element_type=\"section\">\n\t\t\t\t\t\t<div class=\"elementor-container elementor-column-gap-default\">\n\t\t\t\t\t<div class=\"elementor-column elementor-col-50 elementor-top-column elementor-element elementor-element-2325409\" data-id=\"2325409\" data-element_type=\"column\">\n\t\t\t<div class=\"elementor-widget-wrap elementor-element-populated\">\n\t\t\t\t\t\t<div class=\"elementor-element elementor-element-bcec80d elementor-widget elementor-widget-image\" data-id=\"bcec80d\" data-element_type=\"widget\" data-widget_type=\"image.default\">\n\t\t\t\t<div class=\"elementor-widget-container\">\n\t\t\t\t\t\t\t\t\t\t\t\t\t\t\t<img decoding=\"async\" width=\"770\" height=\"957\" src=\"https:\/\/www.miyaspace.com\/wp-content\/uploads\/2021\/08\/Ania_15_kopia-824x1024.jpg\" class=\"attachment-large size-large wp-image-161\" alt=\"\" srcset=\"https:\/\/www.miyaspace.com\/wp-content\/uploads\/2021\/08\/Ania_15_kopia-824x1024.jpg 824w, https:\/\/www.miyaspace.com\/wp-content\/uploads\/2021\/08\/Ania_15_kopia-scaled-600x746.jpg 600w, https:\/\/www.miyaspace.com\/wp-content\/uploads\/2021\/08\/Ania_15_kopia-241x300.jpg 241w, https:\/\/www.miyaspace.com\/wp-content\/uploads\/2021\/08\/Ania_15_kopia-768x954.jpg 768w, https:\/\/www.miyaspace.com\/wp-content\/uploads\/2021\/08\/Ania_15_kopia-1236x1536.jpg 1236w, https:\/\/www.miyaspace.com\/wp-content\/uploads\/2021\/08\/Ania_15_kopia-1648x2048.jpg 1648w\" sizes=\"(max-width: 770px) 100vw, 770px\" \/>\t\t\t\t\t\t\t\t\t\t\t\t\t\t\t<\/div>\n\t\t\t\t<\/div>\n\t\t\t\t\t<\/div>\n\t\t<\/div>\n\t\t\t\t<div class=\"elementor-column elementor-col-50 elementor-top-column elementor-element elementor-element-93ae712\" data-id=\"93ae712\" data-element_type=\"column\">\n\t\t\t<div class=\"elementor-widget-wrap elementor-element-populated\">\n\t\t\t\t\t\t<div class=\"elementor-element elementor-element-3485501 elementor-widget elementor-widget-html\" data-id=\"3485501\" data-element_type=\"widget\" data-widget_type=\"html.default\">\n\t\t\t\t<div class=\"elementor-widget-container\">\n\t\t\t\t\t<div id=\"twoj-psycholog-widget\" data-twoj-psycholog-therapist-id=\"1258\" data-twoj-psycholog-variant=\"full\" data-twoj-psycholog-link-text=\"Um\u00f3w wizyt\u0119\"  data-twoj-psycholog-return-url=\"https:\/\/www.miyaspace.com\"> <\/div>\t\t\t\t<\/div>\n\t\t\t\t<\/div>\n\t\t\t\t\t<\/div>\n\t\t<\/div>\n\t\t\t\t\t<\/div>\n\t\t<\/section>\n\t\t\t\t<\/div>\n\t\t","protected":false},"excerpt":{"rendered":"<p>Na konsultacjach i sesjach psychologicznych pracuj\u0119 z osobami, kt\u00f3re do\u015bwiadczaj\u0105 w swoim \u017cyciu kryzys\u00f3w i trudnych sytuacji. <\/p>\n","protected":false},"author":1,"featured_media":0,"parent":0,"menu_order":0,"comment_status":"closed","ping_status":"closed","template":"","meta":{"_monsterinsights_skip_tracking":false,"_monsterinsights_sitenote_active":false,"_monsterinsights_sitenote_note":"","_monsterinsights_sitenote_category":0,"footnotes":""},"class_list":["post-1609","page","type-page","status-publish","hentry"],"yoast_head":"<!-- This site is optimized with the Yoast SEO plugin v25.3 - https:\/\/yoast.com\/wordpress\/plugins\/seo\/ -->\n<title>Konsultacje i sesje psychologiczne - Miyaspace<\/title>\n<meta name=\"description\" content=\"Na konsultacjach i sesjach psychologicznych pracuj\u0119 z osobami, kt\u00f3re do\u015bwiadczaj\u0105 w swoim \u017cyciu kryzys\u00f3w i trudnych sytuacji.\" \/>\n<meta name=\"robots\" content=\"index, follow, max-snippet:-1, max-image-preview:large, max-video-preview:-1\" \/>\n<link rel=\"canonical\" href=\"https:\/\/www.miyaspace.com\/index.php\/konsultacje-i-sesje-psychologiczne\/\" \/>\n<meta property=\"og:locale\" content=\"pl_PL\" \/>\n<meta property=\"og:type\" content=\"article\" \/>\n<meta property=\"og:title\" content=\"Konsultacje i sesje psychologiczne - Miyaspace\" \/>\n<meta property=\"og:description\" content=\"Na konsultacjach i sesjach psychologicznych pracuj\u0119 z osobami, kt\u00f3re do\u015bwiadczaj\u0105 w swoim \u017cyciu kryzys\u00f3w i trudnych sytuacji.\" \/>\n<meta property=\"og:url\" content=\"https:\/\/www.miyaspace.com\/index.php\/konsultacje-i-sesje-psychologiczne\/\" \/>\n<meta property=\"og:site_name\" content=\"Miyaspace\" \/>\n<meta property=\"article:modified_time\" content=\"2023-10-10T14:02:00+00:00\" \/>\n<meta property=\"og:image\" content=\"https:\/\/www.miyaspace.com\/wp-content\/uploads\/2023\/09\/Ania_20_male-1024x681.jpg\" \/>\n<meta name=\"twitter:card\" content=\"summary_large_image\" \/>\n<meta name=\"twitter:label1\" content=\"Szacowany czas czytania\" \/>\n\t<meta name=\"twitter:data1\" content=\"2 minuty\" \/>\n<script type=\"application\/ld+json\" class=\"yoast-schema-graph\">{\"@context\":\"https:\/\/schema.org\",\"@graph\":[{\"@type\":\"WebPage\",\"@id\":\"https:\/\/www.miyaspace.com\/index.php\/konsultacje-i-sesje-psychologiczne\/\",\"url\":\"https:\/\/www.miyaspace.com\/index.php\/konsultacje-i-sesje-psychologiczne\/\",\"name\":\"Konsultacje i sesje psychologiczne - Miyaspace\",\"isPartOf\":{\"@id\":\"https:\/\/www.miyaspace.com\/#website\"},\"primaryImageOfPage\":{\"@id\":\"https:\/\/www.miyaspace.com\/index.php\/konsultacje-i-sesje-psychologiczne\/#primaryimage\"},\"image\":{\"@id\":\"https:\/\/www.miyaspace.com\/index.php\/konsultacje-i-sesje-psychologiczne\/#primaryimage\"},\"thumbnailUrl\":\"https:\/\/www.miyaspace.com\/wp-content\/uploads\/2023\/09\/Ania_20_male-1024x681.jpg\",\"datePublished\":\"2023-09-22T14:48:36+00:00\",\"dateModified\":\"2023-10-10T14:02:00+00:00\",\"description\":\"Na konsultacjach i sesjach psychologicznych pracuj\u0119 z osobami, kt\u00f3re do\u015bwiadczaj\u0105 w swoim \u017cyciu kryzys\u00f3w i trudnych sytuacji.\",\"breadcrumb\":{\"@id\":\"https:\/\/www.miyaspace.com\/index.php\/konsultacje-i-sesje-psychologiczne\/#breadcrumb\"},\"inLanguage\":\"pl-PL\",\"potentialAction\":[{\"@type\":\"ReadAction\",\"target\":[\"https:\/\/www.miyaspace.com\/index.php\/konsultacje-i-sesje-psychologiczne\/\"]}]},{\"@type\":\"ImageObject\",\"inLanguage\":\"pl-PL\",\"@id\":\"https:\/\/www.miyaspace.com\/index.php\/konsultacje-i-sesje-psychologiczne\/#primaryimage\",\"url\":\"https:\/\/www.miyaspace.com\/wp-content\/uploads\/2023\/09\/Ania_20_male.jpg\",\"contentUrl\":\"https:\/\/www.miyaspace.com\/wp-content\/uploads\/2023\/09\/Ania_20_male.jpg\",\"width\":1920,\"height\":1276},{\"@type\":\"BreadcrumbList\",\"@id\":\"https:\/\/www.miyaspace.com\/index.php\/konsultacje-i-sesje-psychologiczne\/#breadcrumb\",\"itemListElement\":[{\"@type\":\"ListItem\",\"position\":1,\"name\":\"Strona G\u0142\u00f3wna\",\"item\":\"https:\/\/www.miyaspace.com\/\"},{\"@type\":\"ListItem\",\"position\":2,\"name\":\"Konsultacje i sesje psychologiczne\"}]},{\"@type\":\"WebSite\",\"@id\":\"https:\/\/www.miyaspace.com\/#website\",\"url\":\"https:\/\/www.miyaspace.com\/\",\"name\":\"Miyaspace\",\"description\":\"Twoja przestrze\u0144 wsparcia online \",\"potentialAction\":[{\"@type\":\"SearchAction\",\"target\":{\"@type\":\"EntryPoint\",\"urlTemplate\":\"https:\/\/www.miyaspace.com\/?s={search_term_string}\"},\"query-input\":{\"@type\":\"PropertyValueSpecification\",\"valueRequired\":true,\"valueName\":\"search_term_string\"}}],\"inLanguage\":\"pl-PL\"}]}<\/script>\n<!-- \/ Yoast SEO plugin. -->","yoast_head_json":{"title":"Konsultacje i sesje psychologiczne - Miyaspace","description":"Na konsultacjach i sesjach psychologicznych pracuj\u0119 z osobami, kt\u00f3re do\u015bwiadczaj\u0105 w swoim \u017cyciu kryzys\u00f3w i trudnych sytuacji.","robots":{"index":"index","follow":"follow","max-snippet":"max-snippet:-1","max-image-preview":"max-image-preview:large","max-video-preview":"max-video-preview:-1"},"canonical":"https:\/\/www.miyaspace.com\/index.php\/konsultacje-i-sesje-psychologiczne\/","og_locale":"pl_PL","og_type":"article","og_title":"Konsultacje i sesje psychologiczne - Miyaspace","og_description":"Na konsultacjach i sesjach psychologicznych pracuj\u0119 z osobami, kt\u00f3re do\u015bwiadczaj\u0105 w swoim \u017cyciu kryzys\u00f3w i trudnych sytuacji.","og_url":"https:\/\/www.miyaspace.com\/index.php\/konsultacje-i-sesje-psychologiczne\/","og_site_name":"Miyaspace","article_modified_time":"2023-10-10T14:02:00+00:00","og_image":[{"url":"https:\/\/www.miyaspace.com\/wp-content\/uploads\/2023\/09\/Ania_20_male-1024x681.jpg","type":"","width":"","height":""}],"twitter_card":"summary_large_image","twitter_misc":{"Szacowany czas czytania":"2 minuty"},"schema":{"@context":"https:\/\/schema.org","@graph":[{"@type":"WebPage","@id":"https:\/\/www.miyaspace.com\/index.php\/konsultacje-i-sesje-psychologiczne\/","url":"https:\/\/www.miyaspace.com\/index.php\/konsultacje-i-sesje-psychologiczne\/","name":"Konsultacje i sesje psychologiczne - Miyaspace","isPartOf":{"@id":"https:\/\/www.miyaspace.com\/#website"},"primaryImageOfPage":{"@id":"https:\/\/www.miyaspace.com\/index.php\/konsultacje-i-sesje-psychologiczne\/#primaryimage"},"image":{"@id":"https:\/\/www.miyaspace.com\/index.php\/konsultacje-i-sesje-psychologiczne\/#primaryimage"},"thumbnailUrl":"https:\/\/www.miyaspace.com\/wp-content\/uploads\/2023\/09\/Ania_20_male-1024x681.jpg","datePublished":"2023-09-22T14:48:36+00:00","dateModified":"2023-10-10T14:02:00+00:00","description":"Na konsultacjach i sesjach psychologicznych pracuj\u0119 z osobami, kt\u00f3re do\u015bwiadczaj\u0105 w swoim \u017cyciu kryzys\u00f3w i trudnych sytuacji.","breadcrumb":{"@id":"https:\/\/www.miyaspace.com\/index.php\/konsultacje-i-sesje-psychologiczne\/#breadcrumb"},"inLanguage":"pl-PL","potentialAction":[{"@type":"ReadAction","target":["https:\/\/www.miyaspace.com\/index.php\/konsultacje-i-sesje-psychologiczne\/"]}]},{"@type":"ImageObject","inLanguage":"pl-PL","@id":"https:\/\/www.miyaspace.com\/index.php\/konsultacje-i-sesje-psychologiczne\/#primaryimage","url":"https:\/\/www.miyaspace.com\/wp-content\/uploads\/2023\/09\/Ania_20_male.jpg","contentUrl":"https:\/\/www.miyaspace.com\/wp-content\/uploads\/2023\/09\/Ania_20_male.jpg","width":1920,"height":1276},{"@type":"BreadcrumbList","@id":"https:\/\/www.miyaspace.com\/index.php\/konsultacje-i-sesje-psychologiczne\/#breadcrumb","itemListElement":[{"@type":"ListItem","position":1,"name":"Strona G\u0142\u00f3wna","item":"https:\/\/www.miyaspace.com\/"},{"@type":"ListItem","position":2,"name":"Konsultacje i sesje psychologiczne"}]},{"@type":"WebSite","@id":"https:\/\/www.miyaspace.com\/#website","url":"https:\/\/www.miyaspace.com\/","name":"Miyaspace","description":"Twoja przestrze\u0144 wsparcia online ","potentialAction":[{"@type":"SearchAction","target":{"@type":"EntryPoint","urlTemplate":"https:\/\/www.miyaspace.com\/?s={search_term_string}"},"query-input":{"@type":"PropertyValueSpecification","valueRequired":true,"valueName":"search_term_string"}}],"inLanguage":"pl-PL"}]}},"_links":{"self":[{"href":"https:\/\/www.miyaspace.com\/index.php\/wp-json\/wp\/v2\/pages\/1609","targetHints":{"allow":["GET"]}}],"collection":[{"href":"https:\/\/www.miyaspace.com\/index.php\/wp-json\/wp\/v2\/pages"}],"about":[{"href":"https:\/\/www.miyaspace.com\/index.php\/wp-json\/wp\/v2\/types\/page"}],"author":[{"embeddable":true,"href":"https:\/\/www.miyaspace.com\/index.php\/wp-json\/wp\/v2\/users\/1"}],"replies":[{"embeddable":true,"href":"https:\/\/www.miyaspace.com\/index.php\/wp-json\/wp\/v2\/comments?post=1609"}],"version-history":[{"count":57,"href":"https:\/\/www.miyaspace.com\/index.php\/wp-json\/wp\/v2\/pages\/1609\/revisions"}],"predecessor-version":[{"id":1946,"href":"https:\/\/www.miyaspace.com\/index.php\/wp-json\/wp\/v2\/pages\/1609\/revisions\/1946"}],"wp:attachment":[{"href":"https:\/\/www.miyaspace.com\/index.php\/wp-json\/wp\/v2\/media?parent=1609"}],"curies":[{"name":"wp","href":"https:\/\/api.w.org\/{rel}","templated":true}]}}